{"id":670,"date":"2013-08-06T17:31:02","date_gmt":"2013-08-06T17:31:02","guid":{"rendered":"https:\/\/calai.com.uy\/web\/?page_id=670"},"modified":"2025-08-04T21:09:28","modified_gmt":"2025-08-04T21:09:28","slug":"departamento-agronomico","status":"publish","type":"page","link":"https:\/\/calai.com.uy\/web\/?page_id=670","title":{"rendered":"Departamento de Extensi\u00f3n"},"content":{"rendered":"\n<h2 class=\"wp-block-heading has-colibri-color-6-color has-text-color\">Departamento de Extensi\u00f3n<\/h2>\n\n\n<script type=\"text\/javascript\">\r\ndocument.addEventListener(\"DOMContentLoaded\", function(event) { \r\n\tjQuery( '#slider-pro-3-7809' ).sliderPro({\r\n\t\t\/\/width\r\n\t\t\t\twidth: 1000,\r\n\t\t\t\t\r\n\t\t\/\/height\r\n\t\t\t\tautoHeight: true,\r\n\t\t\t\t\r\n\t\t\/\/auto play\r\n\t\t\t\t\t\tautoplay: true,\r\n\t\tautoplayOnHover: 'pause',\r\n\t\t\t\t\t\tautoplayDelay: 5000,\r\n\t\t\r\n\t\t\r\n\t\tarrows: true,\r\n\t\tbuttons: true,\r\n\t\tsmallSize: 500,\r\n\t\tmediumSize: 1000,\r\n\t\tlargeSize: 3000,\r\n\t\tfade: false,\r\n\t\t\r\n\t\t\/\/thumbnail\r\n\t\tthumbnailArrows: true,\r\n\t\tthumbnailWidth: 120,\r\n\t\tthumbnailHeight: 120,\r\n\t\t\t\t\t\tthumbnailsPosition: 'bottom',\r\n\t\t\t\t\t\tcenterImage: true,\r\n\t\timageScaleMode: 'contain',\r\n\t\tallowScaleUp: true,\r\n\t\t\t\tstartSlide: 0,\r\n\t\tloop: true,\r\n\t\tslideDistance: 5,\r\n\t\tautoplayDirection: 'normal',\r\n\t\ttouchSwipe: true,\r\n\t\tfullScreen: true,\r\n\t});\r\n});\r\n<\/script>\r\n\r\n\t\t<div id=\"slider-pro-3-7809\" class=\"slider-pro\">\r\n\t\t\t<!---- slides div start ---->\r\n\t\t\t<div class=\"sp-slides\">\r\n\t\t\t\t\t\t\t\t\t\t<div class=\"sp-slide\">\r\n\t\t\t\t\t\t\t<img decoding=\"async\" class=\"sp-image\" loading=\"lazy\" alt=\"3\" src=\"https:\/\/calai.com.uy\/web\/wp-content\/plugins\/ultimate-responsive-image-slider\/assets\/css\/images\/blank.gif\" data-src=\"https:\/\/calai.com.uy\/web\/wp-content\/uploads\/2025\/08\/3-1.jpeg\" \/>\r\n\r\n\t\t\t\t\t\t\t\r\n\t\t\t\t\t\t\t\t\t\t\t\t\t<\/div>\r\n\t\t\t\t\t\t\t\t\t\t\t\t<div class=\"sp-slide\">\r\n\t\t\t\t\t\t\t<img decoding=\"async\" class=\"sp-image\" loading=\"lazy\" alt=\"1\" src=\"https:\/\/calai.com.uy\/web\/wp-content\/plugins\/ultimate-responsive-image-slider\/assets\/css\/images\/blank.gif\" data-src=\"https:\/\/calai.com.uy\/web\/wp-content\/uploads\/2025\/08\/1-1.jpeg\" \/>\r\n\r\n\t\t\t\t\t\t\t\r\n\t\t\t\t\t\t\t\t\t\t\t\t\t<\/div>\r\n\t\t\t\t\t\t\t\t\t\t\t\t<div class=\"sp-slide\">\r\n\t\t\t\t\t\t\t<img decoding=\"async\" class=\"sp-image\" loading=\"lazy\" alt=\"2\" src=\"https:\/\/calai.com.uy\/web\/wp-content\/plugins\/ultimate-responsive-image-slider\/assets\/css\/images\/blank.gif\" data-src=\"https:\/\/calai.com.uy\/web\/wp-content\/uploads\/2025\/08\/2-1.jpeg\" \/>\r\n\r\n\t\t\t\t\t\t\t\r\n\t\t\t\t\t\t\t\t\t\t\t\t\t<\/div>\r\n\t\t\t\t\t\t\t\t\t\t\t\t<div class=\"sp-slide\">\r\n\t\t\t\t\t\t\t<img decoding=\"async\" class=\"sp-image\" loading=\"lazy\" alt=\"4\" src=\"https:\/\/calai.com.uy\/web\/wp-content\/plugins\/ultimate-responsive-image-slider\/assets\/css\/images\/blank.gif\" data-src=\"https:\/\/calai.com.uy\/web\/wp-content\/uploads\/2025\/08\/4-1.jpeg\" \/>\r\n\r\n\t\t\t\t\t\t\t\r\n\t\t\t\t\t\t\t\t\t\t\t\t\t<\/div>\r\n\t\t\t\t\t\t\t\t\t\t\t\t<div class=\"sp-slide\">\r\n\t\t\t\t\t\t\t<img decoding=\"async\" class=\"sp-image\" loading=\"lazy\" alt=\"3\" src=\"https:\/\/calai.com.uy\/web\/wp-content\/plugins\/ultimate-responsive-image-slider\/assets\/css\/images\/blank.gif\" data-src=\"https:\/\/calai.com.uy\/web\/wp-content\/uploads\/2025\/08\/3.jpeg\" \/>\r\n\r\n\t\t\t\t\t\t\t\r\n\t\t\t\t\t\t\t\t\t\t\t\t\t<\/div>\r\n\t\t\t\t\t\t\t\t\t\t\t\t<div class=\"sp-slide\">\r\n\t\t\t\t\t\t\t<img decoding=\"async\" class=\"sp-image\" loading=\"lazy\" alt=\"4\" src=\"https:\/\/calai.com.uy\/web\/wp-content\/plugins\/ultimate-responsive-image-slider\/assets\/css\/images\/blank.gif\" data-src=\"https:\/\/calai.com.uy\/web\/wp-content\/uploads\/2025\/08\/4.jpeg\" \/>\r\n\r\n\t\t\t\t\t\t\t\r\n\t\t\t\t\t\t\t\t\t\t\t\t\t<\/div>\r\n\t\t\t\t\t\t\t\t\t<\/div>\r\n\t\t\t\r\n\t\t\t<!---- slides div end ---->\r\n\t\t\t\t\t\t<!-- slides thumbnails div start -->\r\n\t\t\t<div class=\"sp-thumbnails\">\r\n\t\t\t\t\t\t\t\t\t\t<img decoding=\"async\" class=\"sp-thumbnail\" loading=\"lazy\" src=\"https:\/\/calai.com.uy\/web\/wp-content\/plugins\/ultimate-responsive-image-slider\/assets\/img\/loading.gif\" data-src=\"https:\/\/calai.com.uy\/web\/wp-content\/uploads\/2025\/08\/3-1-300x225.jpeg\" alt=\"3\"\/>\r\n\t\t\t\t\t\t\t\t\t\t\t<img decoding=\"async\" class=\"sp-thumbnail\" loading=\"lazy\" src=\"https:\/\/calai.com.uy\/web\/wp-content\/plugins\/ultimate-responsive-image-slider\/assets\/img\/loading.gif\" data-src=\"https:\/\/calai.com.uy\/web\/wp-content\/uploads\/2025\/08\/1-1-300x225.jpeg\" alt=\"1\"\/>\r\n\t\t\t\t\t\t\t\t\t\t\t<img decoding=\"async\" class=\"sp-thumbnail\" loading=\"lazy\" src=\"https:\/\/calai.com.uy\/web\/wp-content\/plugins\/ultimate-responsive-image-slider\/assets\/img\/loading.gif\" data-src=\"https:\/\/calai.com.uy\/web\/wp-content\/uploads\/2025\/08\/2-1-300x225.jpeg\" alt=\"2\"\/>\r\n\t\t\t\t\t\t\t\t\t\t\t<img decoding=\"async\" class=\"sp-thumbnail\" loading=\"lazy\" src=\"https:\/\/calai.com.uy\/web\/wp-content\/plugins\/ultimate-responsive-image-slider\/assets\/img\/loading.gif\" data-src=\"https:\/\/calai.com.uy\/web\/wp-content\/uploads\/2025\/08\/4-1-300x225.jpeg\" alt=\"4\"\/>\r\n\t\t\t\t\t\t\t\t\t\t\t<img decoding=\"async\" class=\"sp-thumbnail\" loading=\"lazy\" src=\"https:\/\/calai.com.uy\/web\/wp-content\/plugins\/ultimate-responsive-image-slider\/assets\/img\/loading.gif\" data-src=\"https:\/\/calai.com.uy\/web\/wp-content\/uploads\/2025\/08\/3-300x225.jpeg\" alt=\"3\"\/>\r\n\t\t\t\t\t\t\t\t\t\t\t<img decoding=\"async\" class=\"sp-thumbnail\" loading=\"lazy\" src=\"https:\/\/calai.com.uy\/web\/wp-content\/plugins\/ultimate-responsive-image-slider\/assets\/img\/loading.gif\" data-src=\"https:\/\/calai.com.uy\/web\/wp-content\/uploads\/2025\/08\/4-300x225.jpeg\" alt=\"4\"\/>\r\n\t\t\t\t\t\t\t\t<\/div>\r\n\t\t\t\t\t\t<!-- slides thumbnails div end -->\r\n\t\t<\/div>\r\n\t\t<style>\r\n\/* Layout 3 *\/\r\n\/* border *\/\r\n#slider-pro-3-7809 .sp-selected-thumbnail {\r\n\tborder: 4px solid #000000;\r\n}\r\n\r\n\/* font + color *\/\r\n.title-in  {\r\n\tfont-family: Arial !important;\r\n\tcolor: #FFFFFF !important;\r\n\tbackground-color: #000000 !important;\r\n\topacity: 0.7 !important;\r\n}\r\n.desc-in  {\r\n\tfont-family: Arial !important;\r\n\tcolor: #FFFFFF !important;\r\n\tbackground-color: #00000 !important;\r\n\topacity: 0.7 !important;\r\n}\r\n\r\n\/* bullets color *\/\r\n.sp-button  {\r\n\tborder: 2px solid #000000 !important;\r\n}\r\n.sp-selected-button  {\r\n\tbackground-color: #000000 !important;\r\n}\r\n\r\n\/* pointer color - bottom *\/\r\n.sp-selected-thumbnail::before {\r\n\tborder-bottom: 5px solid #000000 !important;\r\n}\r\n.sp-selected-thumbnail::after {\r\n\tborder-bottom: 13px solid #000000 !important;\r\n}\r\n\r\n\/* pointer color - top *\/\r\n\r\n\/* full screen icon *\/\r\n.sp-full-screen-button::before {\r\n    color: #81d742 !important;\r\n}\r\n\r\n\/* hover navigation icon color *\/\r\n.sp-next-arrow::after, .sp-next-arrow::before {\r\n\tbackground-color: #81d742 !important;\r\n}\r\n.sp-previous-arrow::after, .sp-previous-arrow::before {\r\n\tbackground-color: #81d742 !important;\r\n}\r\n\r\n#slider-pro-3-7809 .title-in {\r\n\tcolor: #FFFFFF !important;\r\n\tfont-weight: bolder;\r\n\ttext-align: center;\r\n}\r\n\r\n#slider-pro-3-7809 .title-in-bg {\r\n\tbackground: rgba(255, 255, 255, 0.7); !important;\r\n\twhite-space: unset !important;\r\n\ttransform: initial !important;\r\n\t-webkit-transform: initial !important;\r\n\tfont-size: 14px !important;\r\n}\r\n\r\n#slider-pro-3-7809 .desc-in {\r\n\tcolor: #FFFFFF !important;\r\n\ttext-align: center;\r\n}\r\n#slider-pro-3-7809 .desc-in-bg {\r\n\tbackground: rgba(#00000, 0.7) !important;\r\n\twhite-space: unset !important;\r\n\ttransform: initial !important;\r\n\t-webkit-transform: initial !important;\r\n\tfont-size: 13px !important;\r\n}\r\n\r\n@media (max-width: 640px) {\r\n\t#slider-pro-3-7809 .hide-small-screen {\r\n\t\tdisplay: none;\r\n\t}\r\n}\r\n\r\n@media (max-width: 860px) {\r\n\t#slider-pro-3-7809 .sp-layer {\r\n\t\tfont-size: 18px;\r\n\t}\r\n\t\r\n\t#slider-pro-3-7809 .hide-medium-screen {\r\n\t\tdisplay: none;\r\n\t}\r\n}\r\n.slides-not-found {\r\n\tbackground-color: #a92929;\r\n\tborder-radius: 5px;\r\n\tcolor: #fff;\r\n\tfont-family: initial;\r\n\ttext-align: center;\r\n\tpadding:12px;\r\n}\r\n\/* Custom CSS *\/\r\n<\/style>\r\n\n\n\n\n<p>CALAI fue de las primeras cooperativas a nivel pa\u00eds en incorporar equipos con Ingenieros Agr\u00f3nomos entre sus funcionarios para que desarrollen tareas de extensi\u00f3n y asesoramiento a los productores socios. En 1980 se contrat\u00f3 al primer extensionista y hasta la fecha se contin\u00faa con el trabajo junto a los productores.<\/p>\n\n\n\n<p><strong>Diferentes tareas que desarrolla nuestro Departamento Agron\u00f3mico:<\/strong><\/p>\n\n\n\n<h4 class=\"wp-block-heading has-text-color\" style=\"color:#398102\">EXTENSI\u00d3N<\/h4>\n\n\n\n<p>Ofrecemos a los productores asistencia en la gesti\u00f3n del predio y en los aspectos t\u00e9cnicos y espec\u00edficos que requiera.<\/p>\n\n\n\n<h4 class=\"wp-block-heading has-text-color\" style=\"color:#398102\">ASESORAMIENTO<\/h4>\n\n\n\n<p>Respaldamos al productor asesor\u00e1ndolo en el manejo de las pasturas (naturales y sembradas), cultivos, en la suplementaci\u00f3n animal, y en todo lo relativo a la gesti\u00f3n del predio y el sistema de producci\u00f3n.<\/p>\n\n\n\n<h4 class=\"wp-block-heading has-text-color\" style=\"color:#398102\">GESTI\u00d3N Y SEGUIMIENTO DE CULTIVOS<\/h4>\n\n\n\n<p>Nos encargamos de la log\u00edstica y seguimiento del cultivo. El acceso a la maquinaria, los insumos, transporte y comercializaci\u00f3n del producto. De esta forma el productor se beneficia de la rotaci\u00f3n de pasturas- cultivos, diversificando ingresos y mejorando la durabilidad de las pasturas, sin complicarse con los aspectos pr\u00e1cticos de la siembra de los cultivos, o sin asumir el riesgo que la siembra de un cultivo implica.<\/p>\n\n\n\n<h4 class=\"wp-block-heading has-text-color\" style=\"color:#398102\">ELABORACI\u00d3N DE PROYECTOS<\/h4>\n\n\n\n<p>CALAI tiene larga trayectoria de trabajo conjunto con el MGAP, en el cual presentamos proyectos y actuamos constantemente como articulador y facilitador para los productores.<\/p>\n\n\n\n<h4 class=\"wp-block-heading has-text-color\" style=\"color:#398102\">GRUPO DE PRODUCTORES<\/h4>\n\n\n\n<p>Trabajamos con 2 grupos de productores familiares, en la modalidad de Grupos CREA, donde el t\u00e9cnico de CALAI lidera y gestiona dicho grupo.<\/p>\n\n\n\n<h4 class=\"wp-block-heading has-text-color\" style=\"color:#398102\">ACTIVIDADES EN CAF<\/h4>\n\n\n\n<p>A trav\u00e9s de CAF capacitaci\u00f3n t\u00e9cnica en enfoques de sistemas para extensi\u00f3n con INIA-FAGRO.<\/p>\n","protected":false},"excerpt":{"rendered":"<p>Departamento de Extensi\u00f3n CALAI fue de las primeras cooperativas a nivel pa\u00eds en incorporar equipos con Ingenieros Agr\u00f3nomos entre sus funcionarios para que desarrollen tareas de extensi\u00f3n y asesoramiento a los productores socios. En 1980 se contrat\u00f3 al primer extensionista y hasta la fecha se contin\u00faa con el trabajo junto a los productores. Diferentes tareas [&hellip;]<\/p>\n","protected":false},"author":1,"featured_media":0,"parent":147,"menu_order":1,"comment_status":"closed","ping_status":"closed","template":"","meta":{"_monsterinsights_skip_tracking":false,"_monsterinsights_sitenote_active":false,"_monsterinsights_sitenote_note":"","_monsterinsights_sitenote_category":0,"footnotes":""},"class_list":["post-670","page","type-page","status-publish","hentry"],"_links":{"self":[{"href":"https:\/\/calai.com.uy\/web\/index.php?rest_route=\/wp\/v2\/pages\/670","targetHints":{"allow":["GET"]}}],"collection":[{"href":"https:\/\/calai.com.uy\/web\/index.php?rest_route=\/wp\/v2\/pages"}],"about":[{"href":"https:\/\/calai.com.uy\/web\/index.php?rest_route=\/wp\/v2\/types\/page"}],"author":[{"embeddable":true,"href":"https:\/\/calai.com.uy\/web\/index.php?rest_route=\/wp\/v2\/users\/1"}],"replies":[{"embeddable":true,"href":"https:\/\/calai.com.uy\/web\/index.php?rest_route=%2Fwp%2Fv2%2Fcomments&post=670"}],"version-history":[{"count":33,"href":"https:\/\/calai.com.uy\/web\/index.php?rest_route=\/wp\/v2\/pages\/670\/revisions"}],"predecessor-version":[{"id":7819,"href":"https:\/\/calai.com.uy\/web\/index.php?rest_route=\/wp\/v2\/pages\/670\/revisions\/7819"}],"up":[{"embeddable":true,"href":"https:\/\/calai.com.uy\/web\/index.php?rest_route=\/wp\/v2\/pages\/147"}],"wp:attachment":[{"href":"https:\/\/calai.com.uy\/web\/index.php?rest_route=%2Fwp%2Fv2%2Fmedia&parent=670"}],"curies":[{"name":"wp","href":"https:\/\/api.w.org\/{rel}","templated":true}]}}