{"id":663,"date":"2013-08-06T17:28:04","date_gmt":"2013-08-06T17:28:04","guid":{"rendered":"https:\/\/calai.com.uy\/web\/?page_id=663"},"modified":"2023-07-31T20:00:46","modified_gmt":"2023-07-31T20:00:46","slug":"quienes-somos","status":"publish","type":"page","link":"https:\/\/calai.com.uy\/web\/?page_id=663","title":{"rendered":"Nosotros"},"content":{"rendered":"<div data-colibri-id=\"663-c1\" class=\"style-910 style-local-663-c1 position-relative\">\r\n  <!---->\r\n  <div data-colibri-component=\"section\" data-colibri-id=\"663-c2\" id=\"initial-content\" class=\"h-section h-section-global-spacing d-flex align-items-lg-center align-items-md-center align-items-center style-911 style-local-663-c2 position-relative\">\r\n    <!---->\r\n    <!---->\r\n    <div class=\"h-section-grid-container h-section-boxed-container\">\r\n      <!---->\r\n      <div data-colibri-id=\"663-c3\" class=\"h-row-container gutters-row-lg-2 gutters-row-md-2 gutters-row-0 gutters-row-v-lg-2 gutters-row-v-md-2 gutters-row-v-2 style-915 style-local-663-c3 position-relative\">\r\n        <!---->\r\n        <div class=\"h-row justify-content-lg-center justify-content-md-center justify-content-center align-items-lg-stretch align-items-md-stretch align-items-stretch gutters-col-lg-2 gutters-col-md-2 gutters-col-0 gutters-col-v-lg-2 gutters-col-v-md-2 gutters-col-v-2\">\r\n          <!---->\r\n          <div class=\"h-column h-column-container d-flex h-col-lg-auto h-col-md-auto h-col-auto style-916-outer style-local-663-c4-outer\">\r\n            <div data-colibri-id=\"663-c4\" class=\"d-flex h-flex-basis h-column__inner h-px-lg-2 h-px-md-2 h-px-2 v-inner-lg-2 v-inner-md-2 v-inner-2 style-916 style-local-663-c4 position-relative\">\r\n              <!---->\r\n              <!---->\r\n              <div class=\"w-100 h-y-container h-column__content h-column__v-align flex-basis-100 align-self-lg-start align-self-md-start align-self-start\">\r\n                <!---->\r\n                <div data-colibri-id=\"663-c5\" class=\"h-text h-text-component style-918 style-local-663-c5 position-relative h-element\">\r\n                  <!---->\r\n                  <!---->\r\n                  <div class=\"\">\r\n                    <h2><strong style=\"color: rgb(57, 59, 60); font-family: Anton; font-weight: 400;\">Herramienta para mejorar la producci\u00f3n y la calidad de vida de sus socios<\/strong><\/h2>\r\n                    <p>\r\n                      <br>\r\n                    <\/p>\r\n                  <\/div>\r\n                <\/div>\r\n              <\/div>\r\n            <\/div>\r\n          <\/div>\r\n        <\/div>\r\n      <\/div>\r\n      <div data-colibri-id=\"663-c6\" class=\"h-row-container gutters-row-lg-2 gutters-row-md-2 gutters-row-0 gutters-row-v-lg-2 gutters-row-v-md-2 gutters-row-v-2 style-919 style-local-663-c6 position-relative\">\r\n        <!---->\r\n        <div class=\"h-row justify-content-lg-center justify-content-md-center justify-content-center align-items-lg-stretch align-items-md-stretch align-items-stretch gutters-col-lg-2 gutters-col-md-2 gutters-col-0 gutters-col-v-lg-2 gutters-col-v-md-2 gutters-col-v-2\">\r\n          <!---->\r\n          <div class=\"h-column h-column-container d-flex h-col-lg-auto h-col-md-auto h-col-auto style-920-outer style-local-663-c7-outer\">\r\n            <div data-colibri-id=\"663-c7\" class=\"d-flex h-flex-basis h-column__inner h-px-lg-2 h-px-md-2 h-px-2 v-inner-lg-2 v-inner-md-2 v-inner-2 style-920 style-local-663-c7 position-relative\">\r\n              <!---->\r\n              <!---->\r\n              <div class=\"w-100 h-y-container h-column__content h-column__v-align flex-basis-100 align-self-lg-start align-self-md-start align-self-start\">\r\n                <!---->\r\n                <div data-colibri-id=\"663-c8\" data-aos=\"fadeIn\" class=\"h-text h-text-component style-922 style-local-663-c8 position-relative h-element\">\r\n                  <!---->\r\n                  <!---->\r\n                  <div class=\"\">\r\n                    <h3><strong style=\"color: rgb(129, 162, 115); font-family: Anton;\">NUESTRA IDENTIDAD<\/strong><\/h3>\r\n                    <p><span style=\"color: rgb(129, 162, 115);\">CALAI es una herramienta para el desarrollo de sus socios, comprometidos con una organizaci\u00f3n cooperativa que brindando productos y servicios, sea competitiva, eficiente, transparente, innovadora y responsable socialmente de su \u00e1mbito de influencia.<\/span><\/p>\r\n                  <\/div>\r\n                <\/div>\r\n              <\/div>\r\n            <\/div>\r\n          <\/div>\r\n        <\/div>\r\n      <\/div>\r\n      <div data-colibri-id=\"663-c9\" class=\"h-row-container gutters-row-lg-2 gutters-row-md-2 gutters-row-0 gutters-row-v-lg-2 gutters-row-v-md-2 gutters-row-v-2 style-923 style-local-663-c9 position-relative\">\r\n        <!---->\r\n        <div class=\"h-row justify-content-lg-center justify-content-md-center justify-content-center align-items-lg-stretch align-items-md-stretch align-items-stretch gutters-col-lg-2 gutters-col-md-2 gutters-col-0 gutters-col-v-lg-2 gutters-col-v-md-2 gutters-col-v-2\">\r\n          <!---->\r\n          <div class=\"h-column h-column-container d-flex h-col-lg-auto h-col-md-auto h-col-auto style-924-outer style-local-663-c10-outer\">\r\n            <div data-colibri-id=\"663-c10\" class=\"d-flex h-flex-basis h-column__inner h-px-lg-2 h-px-md-2 h-px-2 v-inner-lg-2 v-inner-md-2 v-inner-2 style-924 style-local-663-c10 position-relative\">\r\n              <!---->\r\n              <!---->\r\n              <div class=\"w-100 h-y-container h-column__content h-column__v-align flex-basis-100 align-self-lg-start align-self-md-start align-self-start\">\r\n                <!---->\r\n                <div data-colibri-id=\"663-c11\" class=\"h-text h-text-component style-926 style-local-663-c11 position-relative h-element\">\r\n                  <!---->\r\n                  <!---->\r\n                  <div class=\"\">\r\n                    <h3><strong style=\"color: rgb(105, 106, 102); font-family: Anton;\">SOBRE CALAI<\/strong><\/h3>\r\n                    <p>Cooperativa Agraria Ltda de Aigu\u00e1, est\u00e1 ubicada al Norte del Departamento de Maldonado, en la ciudad de Aigu\u00e1.<\/p>\r\n                    <p>Fundada en 1965, mantiene a la fecha m\u00e1s de 200 socios activos, los cuales en su gran mayor\u00eda son productores familiares ubicados mayormente en la 8\u00aa y 9\u00aa Seccional Policial de Maldonado y la 7\u00aa Seccional Policial de Lavalleja.<\/p>\r\n                    <p>El rubro principal de los productores que operan en CALAI son ganaderos criadores y de ciclo completo con incipiente incursi\u00f3n en agricultura. CALAI como bien lo dice nuestra identidad, intenta ser una herramienta para que nuestros\r\n                      socios puedan a trav\u00e9s de los servicios que brindamos mejorar la calidad de vida. Para ello intentamos constantemente dar soluciones globales y liderar los procesos de incorporaci\u00f3n de tecnolog\u00eda en los predios de los productores\r\n                      socios.<\/p>\r\n                    <p>La organizaci\u00f3n cooperativa que brindando productos y servicios, sea competitiva, eficiente, transparente, innovadora y responsable socialmente de su \u00e1mbito de influencia.<\/p>\r\n                  <\/div>\r\n                <\/div>\r\n              <\/div>\r\n            <\/div>\r\n          <\/div>\r\n        <\/div>\r\n      <\/div>\r\n    <\/div>\r\n  <\/div>\r\n<\/div>","protected":false},"excerpt":{"rendered":"<p>Herramienta para mejorar la producci\u00f3n y la calidad de vida de sus socios NUESTRA IDENTIDAD CALAI es una herramienta para el desarrollo de sus socios, comprometidos con una organizaci\u00f3n cooperativa que brindando productos y servicios, sea competitiva, eficiente, transparente, innovadora y responsable socialmente de su \u00e1mbito de influencia. SOBRE CALAI Cooperativa Agraria Ltda de Aigu\u00e1, [&hellip;]<\/p>\n","protected":false},"author":1,"featured_media":0,"parent":0,"menu_order":1,"comment_status":"closed","ping_status":"closed","template":"page-templates\/full-width-page.php","meta":{"_monsterinsights_skip_tracking":false,"_monsterinsights_sitenote_active":false,"_monsterinsights_sitenote_note":"","_monsterinsights_sitenote_category":0,"footnotes":""},"class_list":["post-663","page","type-page","status-publish","hentry"],"_links":{"self":[{"href":"https:\/\/calai.com.uy\/web\/index.php?rest_route=\/wp\/v2\/pages\/663","targetHints":{"allow":["GET"]}}],"collection":[{"href":"https:\/\/calai.com.uy\/web\/index.php?rest_route=\/wp\/v2\/pages"}],"about":[{"href":"https:\/\/calai.com.uy\/web\/index.php?rest_route=\/wp\/v2\/types\/page"}],"author":[{"embeddable":true,"href":"https:\/\/calai.com.uy\/web\/index.php?rest_route=\/wp\/v2\/users\/1"}],"replies":[{"embeddable":true,"href":"https:\/\/calai.com.uy\/web\/index.php?rest_route=%2Fwp%2Fv2%2Fcomments&post=663"}],"version-history":[{"count":20,"href":"https:\/\/calai.com.uy\/web\/index.php?rest_route=\/wp\/v2\/pages\/663\/revisions"}],"predecessor-version":[{"id":7049,"href":"https:\/\/calai.com.uy\/web\/index.php?rest_route=\/wp\/v2\/pages\/663\/revisions\/7049"}],"wp:attachment":[{"href":"https:\/\/calai.com.uy\/web\/index.php?rest_route=%2Fwp%2Fv2%2Fmedia&parent=663"}],"curies":[{"name":"wp","href":"https:\/\/api.w.org\/{rel}","templated":true}]}}