{"id":6371,"date":"2022-09-13T15:39:39","date_gmt":"2022-09-13T15:39:39","guid":{"rendered":"https:\/\/calai.com.uy\/web\/?page_id=6371"},"modified":"2024-10-31T18:02:24","modified_gmt":"2024-10-31T18:02:24","slug":"fiesta-del-cordero-serrano","status":"publish","type":"page","link":"https:\/\/calai.com.uy\/web\/?page_id=6371","title":{"rendered":"Concurso de Asadores"},"content":{"rendered":"\t\t<div data-elementor-type=\"wp-page\" data-elementor-id=\"6371\" class=\"elementor elementor-6371\">\n\t\t\t\t\t\t<section class=\"elementor-section elementor-top-section elementor-element elementor-element-60a57bc4 elementor-section-boxed elementor-section-height-default elementor-section-height-default\" data-id=\"60a57bc4\" data-element_type=\"section\" data-e-type=\"section\" data-settings=\"{&quot;background_background&quot;:&quot;classic&quot;}\">\n\t\t\t\t\t\t<div class=\"elementor-container elementor-column-gap-default\">\n\t\t\t\t\t<div class=\"elementor-column elementor-col-100 elementor-top-column elementor-element elementor-element-66afdb12\" data-id=\"66afdb12\" data-element_type=\"column\" data-e-type=\"column\">\n\t\t\t<div class=\"elementor-widget-wrap elementor-element-populated\">\n\t\t\t\t\t\t<div class=\"elementor-element elementor-element-acefe9e elementor-widget elementor-widget-spacer\" data-id=\"acefe9e\" data-element_type=\"widget\" data-e-type=\"widget\" data-widget_type=\"spacer.default\">\n\t\t\t\t<div class=\"elementor-widget-container\">\n\t\t\t\t\t\t\t<div class=\"elementor-spacer\">\n\t\t\t<div class=\"elementor-spacer-inner\"><\/div>\n\t\t<\/div>\n\t\t\t\t\t\t<\/div>\n\t\t\t\t<\/div>\n\t\t\t\t<div class=\"elementor-element elementor-element-4f9a62f elementor-widget elementor-widget-heading\" data-id=\"4f9a62f\" data-element_type=\"widget\" data-e-type=\"widget\" data-widget_type=\"heading.default\">\n\t\t\t\t<div class=\"elementor-widget-container\">\n\t\t\t\t\t<h3 class=\"elementor-heading-title elementor-size-default\">BASES para concurso de asadores<\/h3>\t\t\t\t<\/div>\n\t\t\t\t<\/div>\n\t\t\t\t<div class=\"elementor-element elementor-element-80774a7 elementor-widget elementor-widget-text-editor\" data-id=\"80774a7\" data-element_type=\"widget\" data-e-type=\"widget\" data-widget_type=\"text-editor.default\">\n\t\t\t\t<div class=\"elementor-widget-container\">\n\t\t\t\t\t\t\t\t\t<h4 style=\"text-align: center;\"><strong>REGLAMENTO INTERNO PARA \u00abCONCURSO DE ASADORES\u00bb<br \/><\/strong><strong>S\u00e1bado 16 DE NOVIEMBRE DE 2024<\/strong><\/h4>\n<p style=\"text-align: center;\">&#8212;&#8212;&#8212;&#8212;&#8212;&#8212;&#8212;&#8212;&#8212;&#8212;&#8212;&#8212;&#8212;&#8212;&#8212;&#8212;-<\/p>\n<p style=\"text-align: center;\"><a href=\"https:\/\/forms.gle\/Wnh6hmn1Zj2vNhc28\" target=\"_blank\" rel=\"noopener\"><strong>COMPLETAR FORMULARIO AQU\u00cd<\/strong><\/a><\/p>\n<p style=\"text-align: center;\">&#8212;&#8212;&#8212;&#8212;&#8212;&#8212;&#8212;&#8212;&#8212;&#8212;&#8212;&#8212;&#8212;&#8212;&#8212;&#8212;-<\/p>\t\t\t\t\t\t\t\t<\/div>\n\t\t\t\t<\/div>\n\t\t\t\t<div class=\"elementor-element elementor-element-60443fb elementor-widget elementor-widget-image\" data-id=\"60443fb\" data-element_type=\"widget\" data-e-type=\"widget\" data-widget_type=\"image.default\">\n\t\t\t\t<div class=\"elementor-widget-container\">\n\t\t\t\t\t\t\t\t\t\t\t\t\t\t\t<img fetchpriority=\"high\" decoding=\"async\" width=\"1080\" height=\"1080\" src=\"https:\/\/calai.com.uy\/web\/wp-content\/uploads\/2024\/08\/cordero_ig.png\" class=\"attachment-full size-full wp-image-7472\" alt=\"\" srcset=\"https:\/\/calai.com.uy\/web\/wp-content\/uploads\/2024\/08\/cordero_ig.png 1080w, https:\/\/calai.com.uy\/web\/wp-content\/uploads\/2024\/08\/cordero_ig-300x300.png 300w, https:\/\/calai.com.uy\/web\/wp-content\/uploads\/2024\/08\/cordero_ig-1024x1024.png 1024w, https:\/\/calai.com.uy\/web\/wp-content\/uploads\/2024\/08\/cordero_ig-150x150.png 150w, https:\/\/calai.com.uy\/web\/wp-content\/uploads\/2024\/08\/cordero_ig-768x768.png 768w\" sizes=\"(max-width: 1080px) 100vw, 1080px\" \/>\t\t\t\t\t\t\t\t\t\t\t\t\t\t\t<\/div>\n\t\t\t\t<\/div>\n\t\t\t\t<div class=\"elementor-element elementor-element-47112481 elementor-widget elementor-widget-text-editor\" data-id=\"47112481\" data-element_type=\"widget\" data-e-type=\"widget\" data-widget_type=\"text-editor.default\">\n\t\t\t\t<div class=\"elementor-widget-container\">\n\t\t\t\t\t\t\t\t\t<p><\/p>\n<h3 style=\"text-align: center;\">12\u00aa Edici\u00f3n | S\u00e1bado 16 de Noviembre 2024<\/h3>\n<div>\n<h3 class=\"gmail-post-title entry-title\" style=\"text-align: center;\">Bases del Concurso de Asadores<\/h3>\n<div id=\"gmail-post-body-8591116834802507209\" class=\"gmail-post-body entry-content\">\n<div style=\"text-align: center;\"><b>Reglamento interno<\/b><\/div>\n<div>\u00a0<\/div>\n<p>1) A cada participante previamente inscripto se le entregar\u00e1 un cordero faenado a las 07:30hrs del 16 de noviembre.<\/p>\n<p>2) La organizaci\u00f3n les entregar\u00e1 la le\u00f1a para el fog\u00f3n que ser\u00e1 individual (aprox. 150kgs.). En el caso de detectarse el uso de le\u00f1a que no fuera brindada por la organizaci\u00f3n, el equipo ser\u00e1 descalificado.<\/p>\n<p>3) El jurado dar\u00e1 un breve repaso sobre el reglamento en el entorno de los fogones.<\/p>\n<p>4) El participante deber\u00e1 traer su parrilla, utensilios de cocina y condimentos a utilizar, as\u00ed como tambi\u00e9n elementos para decorar el entorno de su fog\u00f3n.<\/p>\n<p>5) En el momento que se entregue el cordero se le asigar\u00e1 un horario en en cual debe estar pronto el cordero para entregarlo (en torno a las a las 12:00hrs). El juzgamiento estar\u00e1 a cargo de un jurado nombrado por la organizaci\u00f3n. Este a\u00f1o adem\u00e1s incorporamos la novedad que junto al asado se deber\u00e1 presentar una guarnici\u00f3n<br \/>(acompa\u00f1amiento) que preparar\u00e1 cada equipo.<\/p>\n<p>6) Se calificar\u00e1 de acuerdo a diferentes pautas establecidas por el jurado. Por ejemplo: Calidad del asado, t\u00e9cnica, entorno del fog\u00f3n, originalidad y sabor del acompa\u00f1amiento, presencia y comportamiento del asador y su acompa\u00f1ante, cantidad de le\u00f1a utilizada, puntualidad, etc.<\/p>\n<p>7) El cordero tendr\u00e1 un costo de $2000 qu\u00e9 deber\u00e1 abonar cada participante antes de iniciar la competencia. Luego de concluida podr\u00e1 consumir la carne.<\/p>\n<p>8) En el predio del fog\u00f3n solo podr\u00e1n estar el asador y un ayudante.<\/p>\n<p>9) Se calificar\u00e1 la categor\u00eda tradicional (primero, segundo y tercer premio).<\/p>\n<p>10) La organizaci\u00f3n se reserva el derecho de solucionar los inconvenientes que no est\u00e9n previstos en el reglamento y surjan en el transcurso del evento as\u00ed como la admisi\u00f3n al concurso de los participantes.<\/p>\n<p>11) Los participantes no podr\u00e1n tomar bebidas alcoh\u00f3licas durante el concurso.<\/p>\n<p>12) Los participantes deber\u00e1n inscribirse en el formulario que aparece debajo.<\/p>\n<p>13) Las inscripciones ser\u00e1n cerradas al completarse el cupo de 10 asadores. Se elaborar\u00e1 una lista de espera de participantes en caso de que las inscripciones excedan el cupo y, en caso de ausencia por diferentes motivos de alguno de los participantes confirmados al momento de iniciar el concurso, se tendr\u00e1 en cuenta dicha lista y se llamar\u00e1 a los participantes en espera por orden de inscripci\u00f3n.<\/p>\n<\/div>\n<\/div>\n<div id=\"gmail-post-body-8591116834802507209\" class=\"gmail-post-body entry-content\">\u00a0<\/div>\t\t\t\t\t\t\t\t<\/div>\n\t\t\t\t<\/div>\n\t\t\t\t\t<\/div>\n\t\t<\/div>\n\t\t\t\t\t<\/div>\n\t\t<\/section>\n\t\t\t\t<section class=\"elementor-section elementor-top-section elementor-element elementor-element-2af5bec elementor-section-boxed elementor-section-height-default elementor-section-height-default\" data-id=\"2af5bec\" data-element_type=\"section\" data-e-type=\"section\" data-settings=\"{&quot;background_background&quot;:&quot;classic&quot;}\">\n\t\t\t\t\t\t<div class=\"elementor-container elementor-column-gap-default\">\n\t\t\t\t\t<div class=\"elementor-column elementor-col-100 elementor-top-column elementor-element elementor-element-bbc22fe\" data-id=\"bbc22fe\" data-element_type=\"column\" data-e-type=\"column\">\n\t\t\t<div class=\"elementor-widget-wrap\">\n\t\t\t\t\t\t\t<\/div>\n\t\t<\/div>\n\t\t\t\t\t<\/div>\n\t\t<\/section>\n\t\t\t\t<\/div>\n\t\t","protected":false},"excerpt":{"rendered":"<p>BASES para concurso de asadores REGLAMENTO INTERNO PARA \u00abCONCURSO DE ASADORES\u00bbS\u00e1bado 16 DE NOVIEMBRE DE 2024 &#8212;&#8212;&#8212;&#8212;&#8212;&#8212;&#8212;&#8212;&#8212;&#8212;&#8212;&#8212;&#8212;&#8212;&#8212;&#8212;- COMPLETAR FORMULARIO AQU\u00cd &#8212;&#8212;&#8212;&#8212;&#8212;&#8212;&#8212;&#8212;&#8212;&#8212;&#8212;&#8212;&#8212;&#8212;&#8212;&#8212;- 12\u00aa Edici\u00f3n | S\u00e1bado 16 de Noviembre 2024 Bases del Concurso de Asadores Reglamento interno \u00a0 1) A cada participante previamente inscripto se le entregar\u00e1 un cordero faenado a las 07:30hrs del 16 de [&hellip;]<\/p>\n","protected":false},"author":1,"featured_media":0,"parent":0,"menu_order":0,"comment_status":"closed","ping_status":"closed","template":"page-templates\/full-width-page.php","meta":{"_monsterinsights_skip_tracking":false,"_monsterinsights_sitenote_active":false,"_monsterinsights_sitenote_note":"","_monsterinsights_sitenote_category":0,"footnotes":""},"class_list":["post-6371","page","type-page","status-publish","hentry"],"_links":{"self":[{"href":"https:\/\/calai.com.uy\/web\/index.php?rest_route=\/wp\/v2\/pages\/6371","targetHints":{"allow":["GET"]}}],"collection":[{"href":"https:\/\/calai.com.uy\/web\/index.php?rest_route=\/wp\/v2\/pages"}],"about":[{"href":"https:\/\/calai.com.uy\/web\/index.php?rest_route=\/wp\/v2\/types\/page"}],"author":[{"embeddable":true,"href":"https:\/\/calai.com.uy\/web\/index.php?rest_route=\/wp\/v2\/users\/1"}],"replies":[{"embeddable":true,"href":"https:\/\/calai.com.uy\/web\/index.php?rest_route=%2Fwp%2Fv2%2Fcomments&post=6371"}],"version-history":[{"count":20,"href":"https:\/\/calai.com.uy\/web\/index.php?rest_route=\/wp\/v2\/pages\/6371\/revisions"}],"predecessor-version":[{"id":7579,"href":"https:\/\/calai.com.uy\/web\/index.php?rest_route=\/wp\/v2\/pages\/6371\/revisions\/7579"}],"wp:attachment":[{"href":"https:\/\/calai.com.uy\/web\/index.php?rest_route=%2Fwp%2Fv2%2Fmedia&parent=6371"}],"curies":[{"name":"wp","href":"https:\/\/api.w.org\/{rel}","templated":true}]}}