{"id":566,"date":"2010-11-29T22:03:28","date_gmt":"2010-11-29T22:03:28","guid":{"rendered":"http:\/\/clientes.coodi.com.uy\/calai\/?page_id=141"},"modified":"2023-03-28T21:19:01","modified_gmt":"2023-03-28T21:19:01","slug":"operativo-sorgo","status":"publish","type":"page","link":"https:\/\/calai.com.uy\/web\/?page_id=566","title":{"rendered":"Operativo Sorgo"},"content":{"rendered":"\n<h2 class=\"has-colibri-color-6-color has-text-color wp-block-heading\">Operativo Sorgo<\/h2>\n\n\n\n<div class=\"wp-block-columns is-layout-flex wp-container-core-columns-is-layout-9d6595d7 wp-block-columns-is-layout-flex\">\n<div class=\"wp-block-column is-layout-flow wp-block-column-is-layout-flow\">\n<figure class=\"wp-block-embed aligncenter is-type-video is-provider-youtube wp-block-embed-youtube wp-embed-aspect-16-9 wp-has-aspect-ratio\"><div class=\"wp-block-embed__wrapper\">\n<iframe title=\"Operativo Sorgos\" width=\"500\" height=\"281\" src=\"https:\/\/www.youtube.com\/embed\/WAqcx1KqTWI?feature=oembed\" frameborder=\"0\" allow=\"accelerometer; autoplay; clipboard-write; encrypted-media; gyroscope; picture-in-picture; web-share\" referrerpolicy=\"strict-origin-when-cross-origin\" allowfullscreen><\/iframe>\n<\/div><\/figure>\n<\/div>\n\n\n\n<div class=\"wp-block-column is-layout-flow wp-block-column-is-layout-flow\">\n<figure class=\"wp-block-embed aligncenter is-type-video is-provider-youtube wp-block-embed-youtube wp-embed-aspect-16-9 wp-has-aspect-ratio\"><div class=\"wp-block-embed__wrapper\">\n<iframe title=\"Operativo Sorgos 2\" width=\"500\" height=\"281\" src=\"https:\/\/www.youtube.com\/embed\/XyJowQiekDc?feature=oembed\" frameborder=\"0\" allow=\"accelerometer; autoplay; clipboard-write; encrypted-media; gyroscope; picture-in-picture; web-share\" referrerpolicy=\"strict-origin-when-cross-origin\" allowfullscreen><\/iframe>\n<\/div><\/figure>\n<\/div>\n<\/div>\n\n\n\n<p class=\"has-text-align-left\">El objetivo del Operativo es que los socios participantes se abastezcan de un suplemento para la alimentaci\u00f3n de sus ganados, de una calidad y precio adecuado.<br>El productor se acerca a la cooperativa e inscribe el volumen de sorgo que necesita, seg\u00fan la cantidad y categor\u00edas de ganado que desea suplementar. <br>En funci\u00f3n del volumen total necesario, se define el \u00e1rea total a sembrar.<\/p>\n\n\n\n<p class=\"has-text-align-left\">Asimismo, hay productores que ofrecen chacras en arrendamiento, las cuales son seleccionadas por el Ingeniero Agr\u00f3nomo responsable, hasta alcanzar el \u00e1rea requerida.<br><strong>CALAI <\/strong>se encarga de todo el operativo del cultivo, desde la selecci\u00f3n de las chacras a ser sembradas, hasta el embolsado, dej\u00e1ndole el silo en su predio en el lugar que Ud. prefiere.<\/p>\n\n\n\n<div class=\"wp-block-columns is-layout-flex wp-container-core-columns-is-layout-9d6595d7 wp-block-columns-is-layout-flex\">\n<div class=\"wp-block-column is-layout-flow wp-block-column-is-layout-flow\">\n<figure class=\"wp-block-image size-large\"><img fetchpriority=\"high\" decoding=\"async\" width=\"805\" height=\"505\" src=\"https:\/\/calai.com.uy\/web\/wp-content\/uploads\/2020\/11\/2.jpeg\" alt=\"\" class=\"wp-image-5899\" srcset=\"https:\/\/calai.com.uy\/web\/wp-content\/uploads\/2020\/11\/2.jpeg 805w, https:\/\/calai.com.uy\/web\/wp-content\/uploads\/2020\/11\/2-300x188.jpeg 300w, https:\/\/calai.com.uy\/web\/wp-content\/uploads\/2020\/11\/2-768x482.jpeg 768w\" sizes=\"(max-width: 805px) 100vw, 805px\" \/><\/figure>\n<\/div>\n\n\n\n<div class=\"wp-block-column is-layout-flow wp-block-column-is-layout-flow\">\n<figure class=\"wp-block-image size-large\"><img decoding=\"async\" width=\"805\" height=\"505\" src=\"https:\/\/calai.com.uy\/web\/wp-content\/uploads\/2020\/11\/1.jpeg\" alt=\"\" class=\"wp-image-5898\" srcset=\"https:\/\/calai.com.uy\/web\/wp-content\/uploads\/2020\/11\/1.jpeg 805w, https:\/\/calai.com.uy\/web\/wp-content\/uploads\/2020\/11\/1-300x188.jpeg 300w, https:\/\/calai.com.uy\/web\/wp-content\/uploads\/2020\/11\/1-768x482.jpeg 768w\" sizes=\"(max-width: 805px) 100vw, 805px\" \/><\/figure>\n<\/div>\n<\/div>\n\n\n\n<p class=\"has-text-align-left\">Previo a la siembra, se pagan los costos incurridos, seg\u00fan los kgrs reservados, y al terminar la cosecha se paga el complemento en funci\u00f3n del costo total final.<\/p>\n\n\n\n<h2 class=\"has-colibri-color-2-color has-text-color wp-block-heading\">Beneficios del productor:<\/h2>\n\n\n\n<p class=\"has-text-align-left\">1. No tener que encargarse de toda la operativa del cultivo<\/p>\n\n\n\n<p class=\"has-text-align-left\">2. Disminuci\u00f3n de riesgo de una cosecha mala si lo hiciera en su predio<\/p>\n\n\n\n<p class=\"has-text-align-left\">3. Seguridad de los servicios de maquinaria en tiempo y forma<\/p>\n\n\n\n<p class=\"has-text-align-left\">4. Suplemento energ\u00e9tico a bajo costo (costo de producci\u00f3n)<\/p>\n\n\n\n<p class=\"has-text-align-left\">5. Almacenado en el lugar que Ud. prefiera del predio<\/p>\n","protected":false},"excerpt":{"rendered":"<p>Operativo Sorgo El objetivo del Operativo es que los socios participantes se abastezcan de un suplemento para la alimentaci\u00f3n de sus ganados, de una calidad y precio adecuado.El productor se acerca a la cooperativa e inscribe el volumen de sorgo que necesita, seg\u00fan la cantidad y categor\u00edas de ganado que desea suplementar. En funci\u00f3n del [&hellip;]<\/p>\n","protected":false},"author":1,"featured_media":0,"parent":147,"menu_order":3,"comment_status":"closed","ping_status":"closed","template":"","meta":{"_monsterinsights_skip_tracking":false,"_monsterinsights_sitenote_active":false,"_monsterinsights_sitenote_note":"","_monsterinsights_sitenote_category":0,"footnotes":""},"class_list":["post-566","page","type-page","status-publish","hentry"],"_links":{"self":[{"href":"https:\/\/calai.com.uy\/web\/index.php?rest_route=\/wp\/v2\/pages\/566","targetHints":{"allow":["GET"]}}],"collection":[{"href":"https:\/\/calai.com.uy\/web\/index.php?rest_route=\/wp\/v2\/pages"}],"about":[{"href":"https:\/\/calai.com.uy\/web\/index.php?rest_route=\/wp\/v2\/types\/page"}],"author":[{"embeddable":true,"href":"https:\/\/calai.com.uy\/web\/index.php?rest_route=\/wp\/v2\/users\/1"}],"replies":[{"embeddable":true,"href":"https:\/\/calai.com.uy\/web\/index.php?rest_route=%2Fwp%2Fv2%2Fcomments&post=566"}],"version-history":[{"count":20,"href":"https:\/\/calai.com.uy\/web\/index.php?rest_route=\/wp\/v2\/pages\/566\/revisions"}],"predecessor-version":[{"id":7041,"href":"https:\/\/calai.com.uy\/web\/index.php?rest_route=\/wp\/v2\/pages\/566\/revisions\/7041"}],"up":[{"embeddable":true,"href":"https:\/\/calai.com.uy\/web\/index.php?rest_route=\/wp\/v2\/pages\/147"}],"wp:attachment":[{"href":"https:\/\/calai.com.uy\/web\/index.php?rest_route=%2Fwp%2Fv2%2Fmedia&parent=566"}],"curies":[{"name":"wp","href":"https:\/\/api.w.org\/{rel}","templated":true}]}}