{"id":565,"date":"2010-11-29T22:01:50","date_gmt":"2010-11-29T22:01:50","guid":{"rendered":"http:\/\/clientes.coodi.com.uy\/calai\/?page_id=137"},"modified":"2025-08-04T21:15:12","modified_gmt":"2025-08-04T21:15:12","slug":"operativo-cordero-pesado","status":"publish","type":"page","link":"https:\/\/calai.com.uy\/web\/?page_id=565","title":{"rendered":"Operativo Ovinos"},"content":{"rendered":"\n<h2 class=\"wp-block-heading has-colibri-color-6-color has-text-color\">Operativo Ovinos<\/h2>\n\n\n\n<h3 class=\"wp-block-heading has-colibri-color-6-color has-text-color\">Una opci\u00f3n rentable, confiable y segura<\/h3>\n\n\n\n<h4 class=\"wp-block-heading has-text-align-left has-colibri-color-6-color has-text-color\">CALAI desde los inicios integra el Operativo Ovino que realiza Central Lanera Uruguaya<\/h4>\n\n\n<script type=\"text\/javascript\">\r\ndocument.addEventListener(\"DOMContentLoaded\", function(event) { \r\n\tjQuery( '#slider-pro-3-7820' ).sliderPro({\r\n\t\t\/\/width\r\n\t\t\t\twidth: 1000,\r\n\t\t\t\t\r\n\t\t\/\/height\r\n\t\t\t\tautoHeight: true,\r\n\t\t\t\t\r\n\t\t\/\/auto play\r\n\t\t\t\t\t\tautoplay: true,\r\n\t\tautoplayOnHover: 'pause',\r\n\t\t\t\t\t\tautoplayDelay: 5000,\r\n\t\t\r\n\t\t\r\n\t\tarrows: true,\r\n\t\tbuttons: true,\r\n\t\tsmallSize: 500,\r\n\t\tmediumSize: 1000,\r\n\t\tlargeSize: 3000,\r\n\t\tfade: false,\r\n\t\t\r\n\t\t\/\/thumbnail\r\n\t\tthumbnailArrows: true,\r\n\t\tthumbnailWidth: 120,\r\n\t\tthumbnailHeight: 120,\r\n\t\t\t\t\t\tthumbnailsPosition: 'bottom',\r\n\t\t\t\t\t\tcenterImage: true,\r\n\t\timageScaleMode: 'contain',\r\n\t\tallowScaleUp: true,\r\n\t\t\t\tstartSlide: 0,\r\n\t\tloop: true,\r\n\t\tslideDistance: 5,\r\n\t\tautoplayDirection: 'normal',\r\n\t\ttouchSwipe: true,\r\n\t\tfullScreen: true,\r\n\t});\r\n});\r\n<\/script>\r\n\r\n\t\t<div id=\"slider-pro-3-7820\" class=\"slider-pro\">\r\n\t\t\t<!---- slides div start ---->\r\n\t\t\t<div class=\"sp-slides\">\r\n\t\t\t\t\t\t\t\t\t\t<div class=\"sp-slide\">\r\n\t\t\t\t\t\t\t<img decoding=\"async\" class=\"sp-image\" loading=\"lazy\" alt=\"3\" src=\"https:\/\/calai.com.uy\/web\/wp-content\/plugins\/ultimate-responsive-image-slider\/assets\/css\/images\/blank.gif\" data-src=\"https:\/\/calai.com.uy\/web\/wp-content\/uploads\/2025\/08\/3-2.jpeg\" \/>\r\n\r\n\t\t\t\t\t\t\t\r\n\t\t\t\t\t\t\t\t\t\t\t\t\t<\/div>\r\n\t\t\t\t\t\t\t\t\t\t\t\t<div class=\"sp-slide\">\r\n\t\t\t\t\t\t\t<img decoding=\"async\" class=\"sp-image\" loading=\"lazy\" alt=\"4\" src=\"https:\/\/calai.com.uy\/web\/wp-content\/plugins\/ultimate-responsive-image-slider\/assets\/css\/images\/blank.gif\" data-src=\"https:\/\/calai.com.uy\/web\/wp-content\/uploads\/2025\/08\/4-2.jpeg\" \/>\r\n\r\n\t\t\t\t\t\t\t\r\n\t\t\t\t\t\t\t\t\t\t\t\t\t<\/div>\r\n\t\t\t\t\t\t\t\t\t\t\t\t<div class=\"sp-slide\">\r\n\t\t\t\t\t\t\t<img decoding=\"async\" class=\"sp-image\" loading=\"lazy\" alt=\"1\" src=\"https:\/\/calai.com.uy\/web\/wp-content\/plugins\/ultimate-responsive-image-slider\/assets\/css\/images\/blank.gif\" data-src=\"https:\/\/calai.com.uy\/web\/wp-content\/uploads\/2025\/08\/1-2.jpeg\" \/>\r\n\r\n\t\t\t\t\t\t\t\r\n\t\t\t\t\t\t\t\t\t\t\t\t\t<\/div>\r\n\t\t\t\t\t\t\t\t\t\t\t\t<div class=\"sp-slide\">\r\n\t\t\t\t\t\t\t<img decoding=\"async\" class=\"sp-image\" loading=\"lazy\" alt=\"7\" src=\"https:\/\/calai.com.uy\/web\/wp-content\/plugins\/ultimate-responsive-image-slider\/assets\/css\/images\/blank.gif\" data-src=\"https:\/\/calai.com.uy\/web\/wp-content\/uploads\/2025\/08\/7.jpeg\" \/>\r\n\r\n\t\t\t\t\t\t\t\r\n\t\t\t\t\t\t\t\t\t\t\t\t\t<\/div>\r\n\t\t\t\t\t\t\t\t\t\t\t\t<div class=\"sp-slide\">\r\n\t\t\t\t\t\t\t<img decoding=\"async\" class=\"sp-image\" loading=\"lazy\" alt=\"5\" src=\"https:\/\/calai.com.uy\/web\/wp-content\/plugins\/ultimate-responsive-image-slider\/assets\/css\/images\/blank.gif\" data-src=\"https:\/\/calai.com.uy\/web\/wp-content\/uploads\/2025\/08\/5-1.jpeg\" \/>\r\n\r\n\t\t\t\t\t\t\t\r\n\t\t\t\t\t\t\t\t\t\t\t\t\t<\/div>\r\n\t\t\t\t\t\t\t\t\t\t\t\t<div class=\"sp-slide\">\r\n\t\t\t\t\t\t\t<img decoding=\"async\" class=\"sp-image\" loading=\"lazy\" alt=\"6\" src=\"https:\/\/calai.com.uy\/web\/wp-content\/plugins\/ultimate-responsive-image-slider\/assets\/css\/images\/blank.gif\" data-src=\"https:\/\/calai.com.uy\/web\/wp-content\/uploads\/2025\/08\/6.jpeg\" \/>\r\n\r\n\t\t\t\t\t\t\t\r\n\t\t\t\t\t\t\t\t\t\t\t\t\t<\/div>\r\n\t\t\t\t\t\t\t\t\t\t\t\t<div class=\"sp-slide\">\r\n\t\t\t\t\t\t\t<img decoding=\"async\" class=\"sp-image\" loading=\"lazy\" alt=\"2\" src=\"https:\/\/calai.com.uy\/web\/wp-content\/plugins\/ultimate-responsive-image-slider\/assets\/css\/images\/blank.gif\" data-src=\"https:\/\/calai.com.uy\/web\/wp-content\/uploads\/2025\/08\/2-2.jpeg\" \/>\r\n\r\n\t\t\t\t\t\t\t\r\n\t\t\t\t\t\t\t\t\t\t\t\t\t<\/div>\r\n\t\t\t\t\t\t\t\t\t<\/div>\r\n\t\t\t\r\n\t\t\t<!---- slides div end ---->\r\n\t\t\t\t\t\t<!-- slides thumbnails div start -->\r\n\t\t\t<div class=\"sp-thumbnails\">\r\n\t\t\t\t\t\t\t\t\t\t<img decoding=\"async\" class=\"sp-thumbnail\" loading=\"lazy\" src=\"https:\/\/calai.com.uy\/web\/wp-content\/plugins\/ultimate-responsive-image-slider\/assets\/img\/loading.gif\" data-src=\"https:\/\/calai.com.uy\/web\/wp-content\/uploads\/2025\/08\/3-2-300x225.jpeg\" alt=\"3\"\/>\r\n\t\t\t\t\t\t\t\t\t\t\t<img decoding=\"async\" class=\"sp-thumbnail\" loading=\"lazy\" src=\"https:\/\/calai.com.uy\/web\/wp-content\/plugins\/ultimate-responsive-image-slider\/assets\/img\/loading.gif\" data-src=\"https:\/\/calai.com.uy\/web\/wp-content\/uploads\/2025\/08\/4-2-300x184.jpeg\" alt=\"4\"\/>\r\n\t\t\t\t\t\t\t\t\t\t\t<img decoding=\"async\" class=\"sp-thumbnail\" loading=\"lazy\" src=\"https:\/\/calai.com.uy\/web\/wp-content\/plugins\/ultimate-responsive-image-slider\/assets\/img\/loading.gif\" data-src=\"https:\/\/calai.com.uy\/web\/wp-content\/uploads\/2025\/08\/1-2-300x207.jpeg\" alt=\"1\"\/>\r\n\t\t\t\t\t\t\t\t\t\t\t<img decoding=\"async\" class=\"sp-thumbnail\" loading=\"lazy\" src=\"https:\/\/calai.com.uy\/web\/wp-content\/plugins\/ultimate-responsive-image-slider\/assets\/img\/loading.gif\" data-src=\"https:\/\/calai.com.uy\/web\/wp-content\/uploads\/2025\/08\/7-300x225.jpeg\" alt=\"7\"\/>\r\n\t\t\t\t\t\t\t\t\t\t\t<img decoding=\"async\" class=\"sp-thumbnail\" loading=\"lazy\" src=\"https:\/\/calai.com.uy\/web\/wp-content\/plugins\/ultimate-responsive-image-slider\/assets\/img\/loading.gif\" data-src=\"https:\/\/calai.com.uy\/web\/wp-content\/uploads\/2025\/08\/5-1-300x169.jpeg\" alt=\"5\"\/>\r\n\t\t\t\t\t\t\t\t\t\t\t<img decoding=\"async\" class=\"sp-thumbnail\" loading=\"lazy\" src=\"https:\/\/calai.com.uy\/web\/wp-content\/plugins\/ultimate-responsive-image-slider\/assets\/img\/loading.gif\" data-src=\"https:\/\/calai.com.uy\/web\/wp-content\/uploads\/2025\/08\/6-300x226.jpeg\" alt=\"6\"\/>\r\n\t\t\t\t\t\t\t\t\t\t\t<img decoding=\"async\" class=\"sp-thumbnail\" loading=\"lazy\" src=\"https:\/\/calai.com.uy\/web\/wp-content\/plugins\/ultimate-responsive-image-slider\/assets\/img\/loading.gif\" data-src=\"https:\/\/calai.com.uy\/web\/wp-content\/uploads\/2025\/08\/2-2-300x225.jpeg\" alt=\"2\"\/>\r\n\t\t\t\t\t\t\t\t<\/div>\r\n\t\t\t\t\t\t<!-- slides thumbnails div end -->\r\n\t\t<\/div>\r\n\t\t<style>\r\n\/* Layout 3 *\/\r\n\/* border *\/\r\n#slider-pro-3-7820 .sp-selected-thumbnail {\r\n\tborder: 4px solid #000000;\r\n}\r\n\r\n\/* font + color *\/\r\n.title-in  {\r\n\tfont-family: Arial !important;\r\n\tcolor: #FFFFFF !important;\r\n\tbackground-color: #000000 !important;\r\n\topacity: 0.7 !important;\r\n}\r\n.desc-in  {\r\n\tfont-family: Arial !important;\r\n\tcolor: #FFFFFF !important;\r\n\tbackground-color: #00000 !important;\r\n\topacity: 0.7 !important;\r\n}\r\n\r\n\/* bullets color *\/\r\n.sp-button  {\r\n\tborder: 2px solid #000000 !important;\r\n}\r\n.sp-selected-button  {\r\n\tbackground-color: #000000 !important;\r\n}\r\n\r\n\/* pointer color - bottom *\/\r\n.sp-selected-thumbnail::before {\r\n\tborder-bottom: 5px solid #000000 !important;\r\n}\r\n.sp-selected-thumbnail::after {\r\n\tborder-bottom: 13px solid #000000 !important;\r\n}\r\n\r\n\/* pointer color - top *\/\r\n\r\n\/* full screen icon *\/\r\n.sp-full-screen-button::before {\r\n    color: #81d742 !important;\r\n}\r\n\r\n\/* hover navigation icon color *\/\r\n.sp-next-arrow::after, .sp-next-arrow::before {\r\n\tbackground-color: #81d742 !important;\r\n}\r\n.sp-previous-arrow::after, .sp-previous-arrow::before {\r\n\tbackground-color: #81d742 !important;\r\n}\r\n\r\n#slider-pro-3-7820 .title-in {\r\n\tcolor: #FFFFFF !important;\r\n\tfont-weight: bolder;\r\n\ttext-align: center;\r\n}\r\n\r\n#slider-pro-3-7820 .title-in-bg {\r\n\tbackground: rgba(255, 255, 255, 0.7); !important;\r\n\twhite-space: unset !important;\r\n\ttransform: initial !important;\r\n\t-webkit-transform: initial !important;\r\n\tfont-size: 14px !important;\r\n}\r\n\r\n#slider-pro-3-7820 .desc-in {\r\n\tcolor: #FFFFFF !important;\r\n\ttext-align: center;\r\n}\r\n#slider-pro-3-7820 .desc-in-bg {\r\n\tbackground: rgba(#00000, 0.7) !important;\r\n\twhite-space: unset !important;\r\n\ttransform: initial !important;\r\n\t-webkit-transform: initial !important;\r\n\tfont-size: 13px !important;\r\n}\r\n\r\n@media (max-width: 640px) {\r\n\t#slider-pro-3-7820 .hide-small-screen {\r\n\t\tdisplay: none;\r\n\t}\r\n}\r\n\r\n@media (max-width: 860px) {\r\n\t#slider-pro-3-7820 .sp-layer {\r\n\t\tfont-size: 18px;\r\n\t}\r\n\t\r\n\t#slider-pro-3-7820 .hide-medium-screen {\r\n\t\tdisplay: none;\r\n\t}\r\n}\r\n.slides-not-found {\r\n\tbackground-color: #a92929;\r\n\tborder-radius: 5px;\r\n\tcolor: #fff;\r\n\tfont-family: initial;\r\n\ttext-align: center;\r\n\tpadding:12px;\r\n}\r\n\/* Custom CSS *\/\r\n<\/style>\r\n\n\n\n<div style=\"text-align: left;\" align=\"justify\">\n<h3><span style=\"color: #333333;\"><strong>\u00bfC\u00f3mo puedo participar?<\/strong><\/span><\/h3>\n<p>El productor interesado debe inscribirse en CALAI, un t\u00e9cnico de la Cooperativa lo visita en el predio, revisa los corderos y la pastura en la cual se engordar\u00edan, y lo asesora en los aspectos pr\u00e1cticos que el productor solicite.<\/p>\n<p><span style=\"color: #333333;\"><strong>Condiciones:<\/strong><\/span><br \/>El mejor precio base de acuerdo al tipo de carcasa<\/p>\n<p><span style=\"color: #808080;\"><strong>A PRECIO PUNTUAL<\/strong><\/span><\/p>\n<ul>\n<li>&nbsp;&nbsp;&nbsp; Precio base CORDEROS precoces\n<ul>\n<li>Per\u00edodo (enero &#8211; marzo):<br \/>Entre 2.90 U$S\/Kg en segunda balanza&nbsp; (carcasas de 13 a 24)<\/li>\n<\/ul>\n<\/li>\n<li>Precio base CORDEROS pesados\n<ul>\n<li>Per\u00edodo (abril &#8211; julio)<br \/>2.80 U$S\/Kg en segunda balanza (carcasas de 13 a 24)<\/li>\n<\/ul>\n<\/li>\n<\/ul>\n<p><span style=\"color: #808080;\"><strong>A PRECIO PROMEDIO<\/strong><\/span><\/p>\n<ul>\n<li>&nbsp;&nbsp;&nbsp; Precio base CORDEROS pesados:\n<ul>\n<li>Per\u00edodo (agosto- noviembre) *<br \/>2.60 U$S\/Kg en segunda balanza&nbsp; (carcasas de 13 a 24) *<\/li>\n<\/ul>\n<\/li>\n<\/ul>\n<p><span style=\"color: #808080;\"><strong>BORREGOS<\/strong><\/span><\/p>\n<p>Precio base &#8211; 0.10 U$S por kg (menos) en cada per\u00edodo<\/p>\n<p><span style=\"color: #808080;\"><strong>ADELANTOS<\/strong><\/span><\/p>\n<ul>\n<li>&nbsp;De 20 U$S a 35 U$S por cordero inscripto.<\/li>\n<\/ul>\n<p><span style=\"color: #808080;\"><strong>BENEFICIOS<\/strong><\/span><\/p>\n<ul>\n<li>Sobreprecio por raza carnicera o sus cruzas.\n<ul>\n<li>Periodo (enero \u2013 julio) 0.05 U$S por Kg<\/li>\n<\/ul>\n<\/li>\n<\/ul>\n<ul>\n<li>Sobreprecio por cumplimiento\n<ul>\n<li>Per\u00edodo (agosto &#8211; noviembre) 0.02 U$S por Kg.<\/li>\n<\/ul>\n<\/li>\n<\/ul>\n<ul>\n<li>Este a\u00f1o, el productor adem\u00e1s de los adelantos, dispondr\u00e1 de U$S 5 adicionales por animal, para la compra de raci\u00f3n en su cooperativa.<\/li>\n<\/ul>\n<p><span style=\"color: #808080;\"><strong>CONFIABLE Y SEGURA<br \/><\/strong><\/span><\/p>\n<ul>\n<li>Cobertura de riesgo de mortandad post esquila.<\/li>\n<li>Seguridad de cobro.<\/li>\n<li>Seguridad de colocaci\u00f3n.<\/li>\n<li>Presencia de un Fiscal de Planta en 1\u00aa y 2\u00aa balanza.<\/li>\n<li>Coordinaci\u00f3n de embarque y entrada al frigor\u00edfico.<\/li>\n<li>Toda la informaci\u00f3n de sus corderos de 1\u00aa y 2\u00aa balanza.<\/li>\n<\/ul>\n<\/div>","protected":false},"excerpt":{"rendered":"<p>Operativo Ovinos Una opci\u00f3n rentable, confiable y segura CALAI desde los inicios integra el Operativo Ovino que realiza Central Lanera Uruguaya \u00bfC\u00f3mo puedo participar? El productor interesado debe inscribirse en CALAI, un t\u00e9cnico de la Cooperativa lo visita en el predio, revisa los corderos y la pastura en la cual se engordar\u00edan, y lo asesora [&hellip;]<\/p>\n","protected":false},"author":1,"featured_media":0,"parent":147,"menu_order":6,"comment_status":"closed","ping_status":"closed","template":"","meta":{"_monsterinsights_skip_tracking":false,"_monsterinsights_sitenote_active":false,"_monsterinsights_sitenote_note":"","_monsterinsights_sitenote_category":0,"footnotes":""},"class_list":["post-565","page","type-page","status-publish","hentry"],"_links":{"self":[{"href":"https:\/\/calai.com.uy\/web\/index.php?rest_route=\/wp\/v2\/pages\/565","targetHints":{"allow":["GET"]}}],"collection":[{"href":"https:\/\/calai.com.uy\/web\/index.php?rest_route=\/wp\/v2\/pages"}],"about":[{"href":"https:\/\/calai.com.uy\/web\/index.php?rest_route=\/wp\/v2\/types\/page"}],"author":[{"embeddable":true,"href":"https:\/\/calai.com.uy\/web\/index.php?rest_route=\/wp\/v2\/users\/1"}],"replies":[{"embeddable":true,"href":"https:\/\/calai.com.uy\/web\/index.php?rest_route=%2Fwp%2Fv2%2Fcomments&post=565"}],"version-history":[{"count":17,"href":"https:\/\/calai.com.uy\/web\/index.php?rest_route=\/wp\/v2\/pages\/565\/revisions"}],"predecessor-version":[{"id":7830,"href":"https:\/\/calai.com.uy\/web\/index.php?rest_route=\/wp\/v2\/pages\/565\/revisions\/7830"}],"up":[{"embeddable":true,"href":"https:\/\/calai.com.uy\/web\/index.php?rest_route=\/wp\/v2\/pages\/147"}],"wp:attachment":[{"href":"https:\/\/calai.com.uy\/web\/index.php?rest_route=%2Fwp%2Fv2%2Fmedia&parent=565"}],"curies":[{"name":"wp","href":"https:\/\/api.w.org\/{rel}","templated":true}]}}