{"id":462,"date":"2010-11-29T21:59:21","date_gmt":"2010-11-29T21:59:21","guid":{"rendered":"http:\/\/clientes.coodi.com.uy\/calai\/?page_id=134"},"modified":"2025-08-05T21:17:52","modified_gmt":"2025-08-05T21:17:52","slug":"servicio-de-maquinaria-de-calai","status":"publish","type":"page","link":"https:\/\/calai.com.uy\/web\/?page_id=462","title":{"rendered":"Departamento de Maquinaria"},"content":{"rendered":"\n<h2 class=\"wp-block-heading has-colibri-color-6-color has-text-color\">Departamento de Maquinaria<\/h2>\n\n\n<script type=\"text\/javascript\">\r\ndocument.addEventListener(\"DOMContentLoaded\", function(event) { \r\n\tjQuery( '#slider-pro-3-7864' ).sliderPro({\r\n\t\t\/\/width\r\n\t\t\t\twidth: 1000,\r\n\t\t\t\t\r\n\t\t\/\/height\r\n\t\t\t\theight: 500,\r\n\t\t\t\t\r\n\t\t\/\/auto play\r\n\t\t\t\t\t\tautoplay: true,\r\n\t\tautoplayOnHover: 'pause',\r\n\t\t\t\t\t\tautoplayDelay: 5000,\r\n\t\t\r\n\t\t\r\n\t\tarrows: true,\r\n\t\tbuttons: true,\r\n\t\tsmallSize: 500,\r\n\t\tmediumSize: 1000,\r\n\t\tlargeSize: 3000,\r\n\t\tfade: false,\r\n\t\t\r\n\t\t\/\/thumbnail\r\n\t\tthumbnailArrows: true,\r\n\t\tthumbnailWidth: 120,\r\n\t\tthumbnailHeight: 120,\r\n\t\t\t\t\t\tthumbnailsPosition: 'bottom',\r\n\t\t\t\t\t\tcenterImage: true,\r\n\t\timageScaleMode: 'contain',\r\n\t\tallowScaleUp: true,\r\n\t\t\t\tstartSlide: 0,\r\n\t\tloop: true,\r\n\t\tslideDistance: 5,\r\n\t\tautoplayDirection: 'normal',\r\n\t\ttouchSwipe: true,\r\n\t\tfullScreen: true,\r\n\t});\r\n});\r\n<\/script>\r\n\r\n\t\t<div id=\"slider-pro-3-7864\" class=\"slider-pro\">\r\n\t\t\t<!---- slides div start ---->\r\n\t\t\t<div class=\"sp-slides\">\r\n\t\t\t\t\t\t\t\t\t\t<div class=\"sp-slide\">\r\n\t\t\t\t\t\t\t<img decoding=\"async\" class=\"sp-image\" loading=\"lazy\" alt=\"2\" src=\"https:\/\/calai.com.uy\/web\/wp-content\/plugins\/ultimate-responsive-image-slider\/assets\/css\/images\/blank.gif\" data-src=\"https:\/\/calai.com.uy\/web\/wp-content\/uploads\/2025\/08\/2-3.jpeg\" \/>\r\n\r\n\t\t\t\t\t\t\t\r\n\t\t\t\t\t\t\t\t\t\t\t\t\t<\/div>\r\n\t\t\t\t\t\t\t\t\t\t\t\t<div class=\"sp-slide\">\r\n\t\t\t\t\t\t\t<img decoding=\"async\" class=\"sp-image\" loading=\"lazy\" alt=\"3\" src=\"https:\/\/calai.com.uy\/web\/wp-content\/plugins\/ultimate-responsive-image-slider\/assets\/css\/images\/blank.gif\" data-src=\"https:\/\/calai.com.uy\/web\/wp-content\/uploads\/2025\/08\/3-3.jpeg\" \/>\r\n\r\n\t\t\t\t\t\t\t\r\n\t\t\t\t\t\t\t\t\t\t\t\t\t<\/div>\r\n\t\t\t\t\t\t\t\t\t\t\t\t<div class=\"sp-slide\">\r\n\t\t\t\t\t\t\t<img decoding=\"async\" class=\"sp-image\" loading=\"lazy\" alt=\"4\" src=\"https:\/\/calai.com.uy\/web\/wp-content\/plugins\/ultimate-responsive-image-slider\/assets\/css\/images\/blank.gif\" data-src=\"https:\/\/calai.com.uy\/web\/wp-content\/uploads\/2025\/08\/4-3.jpeg\" \/>\r\n\r\n\t\t\t\t\t\t\t\r\n\t\t\t\t\t\t\t\t\t\t\t\t\t<\/div>\r\n\t\t\t\t\t\t\t\t\t\t\t\t<div class=\"sp-slide\">\r\n\t\t\t\t\t\t\t<img decoding=\"async\" class=\"sp-image\" loading=\"lazy\" alt=\"5\" src=\"https:\/\/calai.com.uy\/web\/wp-content\/plugins\/ultimate-responsive-image-slider\/assets\/css\/images\/blank.gif\" data-src=\"https:\/\/calai.com.uy\/web\/wp-content\/uploads\/2025\/08\/5-2.jpeg\" \/>\r\n\r\n\t\t\t\t\t\t\t\r\n\t\t\t\t\t\t\t\t\t\t\t\t\t<\/div>\r\n\t\t\t\t\t\t\t\t\t\t\t\t<div class=\"sp-slide\">\r\n\t\t\t\t\t\t\t<img decoding=\"async\" class=\"sp-image\" loading=\"lazy\" alt=\"6\" src=\"https:\/\/calai.com.uy\/web\/wp-content\/plugins\/ultimate-responsive-image-slider\/assets\/css\/images\/blank.gif\" data-src=\"https:\/\/calai.com.uy\/web\/wp-content\/uploads\/2025\/08\/6-1.jpeg\" \/>\r\n\r\n\t\t\t\t\t\t\t\r\n\t\t\t\t\t\t\t\t\t\t\t\t\t<\/div>\r\n\t\t\t\t\t\t\t\t\t\t\t\t<div class=\"sp-slide\">\r\n\t\t\t\t\t\t\t<img decoding=\"async\" class=\"sp-image\" loading=\"lazy\" alt=\"7\" src=\"https:\/\/calai.com.uy\/web\/wp-content\/plugins\/ultimate-responsive-image-slider\/assets\/css\/images\/blank.gif\" data-src=\"https:\/\/calai.com.uy\/web\/wp-content\/uploads\/2025\/08\/7-1.jpeg\" \/>\r\n\r\n\t\t\t\t\t\t\t\r\n\t\t\t\t\t\t\t\t\t\t\t\t\t<\/div>\r\n\t\t\t\t\t\t\t\t\t\t\t\t<div class=\"sp-slide\">\r\n\t\t\t\t\t\t\t<img decoding=\"async\" class=\"sp-image\" loading=\"lazy\" alt=\"8\" src=\"https:\/\/calai.com.uy\/web\/wp-content\/plugins\/ultimate-responsive-image-slider\/assets\/css\/images\/blank.gif\" data-src=\"https:\/\/calai.com.uy\/web\/wp-content\/uploads\/2025\/08\/8.jpeg\" \/>\r\n\r\n\t\t\t\t\t\t\t\r\n\t\t\t\t\t\t\t\t\t\t\t\t\t<\/div>\r\n\t\t\t\t\t\t\t\t\t\t\t\t<div class=\"sp-slide\">\r\n\t\t\t\t\t\t\t<img decoding=\"async\" class=\"sp-image\" loading=\"lazy\" alt=\"9\" src=\"https:\/\/calai.com.uy\/web\/wp-content\/plugins\/ultimate-responsive-image-slider\/assets\/css\/images\/blank.gif\" data-src=\"https:\/\/calai.com.uy\/web\/wp-content\/uploads\/2025\/08\/9.jpeg\" \/>\r\n\r\n\t\t\t\t\t\t\t\r\n\t\t\t\t\t\t\t\t\t\t\t\t\t<\/div>\r\n\t\t\t\t\t\t\t\t\t\t\t\t<div class=\"sp-slide\">\r\n\t\t\t\t\t\t\t<img decoding=\"async\" class=\"sp-image\" loading=\"lazy\" alt=\"11\" src=\"https:\/\/calai.com.uy\/web\/wp-content\/plugins\/ultimate-responsive-image-slider\/assets\/css\/images\/blank.gif\" data-src=\"https:\/\/calai.com.uy\/web\/wp-content\/uploads\/2025\/08\/11.jpeg\" \/>\r\n\r\n\t\t\t\t\t\t\t\r\n\t\t\t\t\t\t\t\t\t\t\t\t\t<\/div>\r\n\t\t\t\t\t\t\t\t\t\t\t\t<div class=\"sp-slide\">\r\n\t\t\t\t\t\t\t<img decoding=\"async\" class=\"sp-image\" loading=\"lazy\" alt=\"44\" src=\"https:\/\/calai.com.uy\/web\/wp-content\/plugins\/ultimate-responsive-image-slider\/assets\/css\/images\/blank.gif\" data-src=\"https:\/\/calai.com.uy\/web\/wp-content\/uploads\/2025\/08\/44.jpeg\" \/>\r\n\r\n\t\t\t\t\t\t\t\r\n\t\t\t\t\t\t\t\t\t\t\t\t\t<\/div>\r\n\t\t\t\t\t\t\t\t\t<\/div>\r\n\t\t\t\r\n\t\t\t<!---- slides div end ---->\r\n\t\t\t\t\t\t<!-- slides thumbnails div start -->\r\n\t\t\t<div class=\"sp-thumbnails\">\r\n\t\t\t\t\t\t\t\t\t\t<img decoding=\"async\" class=\"sp-thumbnail\" loading=\"lazy\" src=\"https:\/\/calai.com.uy\/web\/wp-content\/plugins\/ultimate-responsive-image-slider\/assets\/img\/loading.gif\" data-src=\"https:\/\/calai.com.uy\/web\/wp-content\/uploads\/2025\/08\/2-3-300x197.jpeg\" alt=\"2\"\/>\r\n\t\t\t\t\t\t\t\t\t\t\t<img decoding=\"async\" class=\"sp-thumbnail\" loading=\"lazy\" src=\"https:\/\/calai.com.uy\/web\/wp-content\/plugins\/ultimate-responsive-image-slider\/assets\/img\/loading.gif\" data-src=\"https:\/\/calai.com.uy\/web\/wp-content\/uploads\/2025\/08\/3-3-300x211.jpeg\" alt=\"3\"\/>\r\n\t\t\t\t\t\t\t\t\t\t\t<img decoding=\"async\" class=\"sp-thumbnail\" loading=\"lazy\" src=\"https:\/\/calai.com.uy\/web\/wp-content\/plugins\/ultimate-responsive-image-slider\/assets\/img\/loading.gif\" data-src=\"https:\/\/calai.com.uy\/web\/wp-content\/uploads\/2025\/08\/4-3-300x237.jpeg\" alt=\"4\"\/>\r\n\t\t\t\t\t\t\t\t\t\t\t<img decoding=\"async\" class=\"sp-thumbnail\" loading=\"lazy\" src=\"https:\/\/calai.com.uy\/web\/wp-content\/plugins\/ultimate-responsive-image-slider\/assets\/img\/loading.gif\" data-src=\"https:\/\/calai.com.uy\/web\/wp-content\/uploads\/2025\/08\/5-2-300x232.jpeg\" alt=\"5\"\/>\r\n\t\t\t\t\t\t\t\t\t\t\t<img decoding=\"async\" class=\"sp-thumbnail\" loading=\"lazy\" src=\"https:\/\/calai.com.uy\/web\/wp-content\/plugins\/ultimate-responsive-image-slider\/assets\/img\/loading.gif\" data-src=\"https:\/\/calai.com.uy\/web\/wp-content\/uploads\/2025\/08\/6-1-300x225.jpeg\" alt=\"6\"\/>\r\n\t\t\t\t\t\t\t\t\t\t\t<img decoding=\"async\" class=\"sp-thumbnail\" loading=\"lazy\" src=\"https:\/\/calai.com.uy\/web\/wp-content\/plugins\/ultimate-responsive-image-slider\/assets\/img\/loading.gif\" data-src=\"https:\/\/calai.com.uy\/web\/wp-content\/uploads\/2025\/08\/7-1-300x190.jpeg\" alt=\"7\"\/>\r\n\t\t\t\t\t\t\t\t\t\t\t<img decoding=\"async\" class=\"sp-thumbnail\" loading=\"lazy\" src=\"https:\/\/calai.com.uy\/web\/wp-content\/plugins\/ultimate-responsive-image-slider\/assets\/img\/loading.gif\" data-src=\"https:\/\/calai.com.uy\/web\/wp-content\/uploads\/2025\/08\/8-300x228.jpeg\" alt=\"8\"\/>\r\n\t\t\t\t\t\t\t\t\t\t\t<img decoding=\"async\" class=\"sp-thumbnail\" loading=\"lazy\" src=\"https:\/\/calai.com.uy\/web\/wp-content\/plugins\/ultimate-responsive-image-slider\/assets\/img\/loading.gif\" data-src=\"https:\/\/calai.com.uy\/web\/wp-content\/uploads\/2025\/08\/9-300x225.jpeg\" alt=\"9\"\/>\r\n\t\t\t\t\t\t\t\t\t\t\t<img decoding=\"async\" class=\"sp-thumbnail\" loading=\"lazy\" src=\"https:\/\/calai.com.uy\/web\/wp-content\/plugins\/ultimate-responsive-image-slider\/assets\/img\/loading.gif\" data-src=\"https:\/\/calai.com.uy\/web\/wp-content\/uploads\/2025\/08\/11-300x243.jpeg\" alt=\"11\"\/>\r\n\t\t\t\t\t\t\t\t\t\t\t<img decoding=\"async\" class=\"sp-thumbnail\" loading=\"lazy\" src=\"https:\/\/calai.com.uy\/web\/wp-content\/plugins\/ultimate-responsive-image-slider\/assets\/img\/loading.gif\" data-src=\"https:\/\/calai.com.uy\/web\/wp-content\/uploads\/2025\/08\/44-300x196.jpeg\" alt=\"44\"\/>\r\n\t\t\t\t\t\t\t\t<\/div>\r\n\t\t\t\t\t\t<!-- slides thumbnails div end -->\r\n\t\t<\/div>\r\n\t\t<style>\r\n\/* Layout 3 *\/\r\n\/* border *\/\r\n#slider-pro-3-7864 .sp-selected-thumbnail {\r\n\tborder: 4px solid #000000;\r\n}\r\n\r\n\/* font + color *\/\r\n.title-in  {\r\n\tfont-family: Arial !important;\r\n\tcolor: #FFFFFF !important;\r\n\tbackground-color: #000000 !important;\r\n\topacity: 0.7 !important;\r\n}\r\n.desc-in  {\r\n\tfont-family: Arial !important;\r\n\tcolor: #FFFFFF !important;\r\n\tbackground-color: #00000 !important;\r\n\topacity: 0.7 !important;\r\n}\r\n\r\n\/* bullets color *\/\r\n.sp-button  {\r\n\tborder: 2px solid #000000 !important;\r\n}\r\n.sp-selected-button  {\r\n\tbackground-color: #000000 !important;\r\n}\r\n\r\n\/* pointer color - bottom *\/\r\n.sp-selected-thumbnail::before {\r\n\tborder-bottom: 5px solid #000000 !important;\r\n}\r\n.sp-selected-thumbnail::after {\r\n\tborder-bottom: 13px solid #000000 !important;\r\n}\r\n\r\n\/* pointer color - top *\/\r\n\r\n\/* full screen icon *\/\r\n.sp-full-screen-button::before {\r\n    color: #dd9933 !important;\r\n}\r\n\r\n\/* hover navigation icon color *\/\r\n.sp-next-arrow::after, .sp-next-arrow::before {\r\n\tbackground-color: #dd9933 !important;\r\n}\r\n.sp-previous-arrow::after, .sp-previous-arrow::before {\r\n\tbackground-color: #dd9933 !important;\r\n}\r\n\r\n#slider-pro-3-7864 .title-in {\r\n\tcolor: #FFFFFF !important;\r\n\tfont-weight: bolder;\r\n\ttext-align: center;\r\n}\r\n\r\n#slider-pro-3-7864 .title-in-bg {\r\n\tbackground: rgba(255, 255, 255, 0.7); !important;\r\n\twhite-space: unset !important;\r\n\ttransform: initial !important;\r\n\t-webkit-transform: initial !important;\r\n\tfont-size: 14px !important;\r\n}\r\n\r\n#slider-pro-3-7864 .desc-in {\r\n\tcolor: #FFFFFF !important;\r\n\ttext-align: center;\r\n}\r\n#slider-pro-3-7864 .desc-in-bg {\r\n\tbackground: rgba(#00000, 0.7) !important;\r\n\twhite-space: unset !important;\r\n\ttransform: initial !important;\r\n\t-webkit-transform: initial !important;\r\n\tfont-size: 13px !important;\r\n}\r\n\r\n@media (max-width: 640px) {\r\n\t#slider-pro-3-7864 .hide-small-screen {\r\n\t\tdisplay: none;\r\n\t}\r\n}\r\n\r\n@media (max-width: 860px) {\r\n\t#slider-pro-3-7864 .sp-layer {\r\n\t\tfont-size: 18px;\r\n\t}\r\n\t\r\n\t#slider-pro-3-7864 .hide-medium-screen {\r\n\t\tdisplay: none;\r\n\t}\r\n}\r\n.slides-not-found {\r\n\tbackground-color: #a92929;\r\n\tborder-radius: 5px;\r\n\tcolor: #fff;\r\n\tfont-family: initial;\r\n\ttext-align: center;\r\n\tpadding:12px;\r\n}\r\n\/* Custom CSS *\/\r\n<\/style>\r\n\n\n\n\n<h4 class=\"wp-block-heading\"><strong>Objetivo<\/strong><\/h4>\n\n\n\n<p>Brindar a los productores socios de CALAI un servicio de maquinaria, de buena calidad, en el momento oportuno y a un costo real.<\/p>\n\n\n\n<p>Esto permitir\u00eda a los productores no tener que invertir en equipos de maquinaria propios, que, ya sea por escala u oportunidad, no se justifican en su empresa.<\/p>\n\n\n\n<h4 class=\"wp-block-heading\"><strong>Fundaci\u00f3n<\/strong><\/h4>\n\n\n\n<p>En 1978 fruto de la necesidad de la zona, la Directiva de CALAI decide invertir en la compra de 3 tractores ya que era una limitante muy grande en la zona, debido a que por escala los productores no pod\u00edan acceder a incorporar maquinaria<br>en sus predios. Han pasado 35 a\u00f1os de manera continua que CALAI ha brindado a sus socios un servicio de calidad y profesional. Tal es as\u00ed que el Departamento de Maquinaria ha crecido de manera constante a lo largo de estos a\u00f1os.<\/p>\n\n\n\n<h4 class=\"wp-block-heading\"><strong>Reglamento<\/strong><\/h4>\n\n\n\n<p>En el a\u00f1o 1986, en las Asambleas del 26 de octubre y del 6 de diciembre, se aprueba el actual Reglamento del Servicio de Maquinaria.<\/p>\n\n\n\n<p>Los socios aprobaron el&nbsp;cobro por hora tractor, tanto en las labores, donde adem\u00e1s se agregar\u00e1 la cuota de amortizaci\u00f3n correspondiente de cada herramienta, como en el flete.<\/p>\n\n\n\n<p>Las \u00fanicas herramientas que se cobran por hect\u00e1rea son la Siembra Directa, la Pulverizadora y la Maquina de Sogas.<\/p>\n\n\n\n<h4 class=\"wp-block-heading\"><strong>Costos<\/strong><\/h4>\n\n\n\n<p>Se elabor\u00f3 el costo de la hora tractor detallando los costos.<\/p>\n\n\n\n<p>Variables (combustible, lubricante, cubiertas, mano de obra, etc.) y los costos fijos (amortizaci\u00f3n, intereses, etc.)<\/p>\n\n\n\n<p>Estos costos se corrigen peri\u00f3dicamente seg\u00fan la evoluci\u00f3n de los valores y del tipo de cambio.<\/p>\n\n\n\n<p>Asimismo se destaca el hecho que la cooperativa est\u00e1 al d\u00eda con los aportes al BPS de sus funcionarios, as\u00ed como con el pago de los seguros, tanto de accidentes del personal, como de la maquinaria, con el BSE.<\/p>\n\n\n\n<h4 class=\"wp-block-heading\"><strong>Operativa<\/strong><\/h4>\n\n\n\n<p>El productor que solicita el servicio, debe inscribirse en CALAI.<\/p>\n\n\n\n<p>Se busca respetar el orden de inscripci\u00f3n, adecu\u00e1ndolos tambi\u00e9n con los trabajos agrupados por zona, de forma de abaratar a los usuarios el costo del flete. Una vez realizada la labor, el productor pasar\u00e1 por la cooperativa y abonar\u00e1<br>el saldo correspondiente.<\/p>\n\n\n\n<p>Los socios tendr\u00e1n un descuento de un 10%, excepto en la Siembra Directa.<\/p>\n\n\n\n<p>En \u00e9sta herramienta, los socios pueden ser copropietarios de la misma, logrando prioridad en el uso y descuento en la tarifa.<\/p>\n\n\n\n<h3 class=\"wp-block-heading\"><strong>Contamos con el siguiente parque de Maquinaria:<\/strong><\/h3>\n\n\n\n<p>Tractores<br>Sembradoras<br>Pulverizadoras<br>Fertilizadoras<br>Tra\u00edlla<br>M\u00e1quina de soga<br>Exc\u00e9ntrica<br>Embolsadora de seis pies<br>Pluma de tres puntos<br>Rastra de dientes<\/p>\n","protected":false},"excerpt":{"rendered":"<p>Departamento de Maquinaria Objetivo Brindar a los productores socios de CALAI un servicio de maquinaria, de buena calidad, en el momento oportuno y a un costo real. Esto permitir\u00eda a los productores no tener que invertir en equipos de maquinaria propios, que, ya sea por escala u oportunidad, no se justifican en su empresa. Fundaci\u00f3n [&hellip;]<\/p>\n","protected":false},"author":1,"featured_media":0,"parent":147,"menu_order":0,"comment_status":"closed","ping_status":"closed","template":"","meta":{"_monsterinsights_skip_tracking":false,"_monsterinsights_sitenote_active":false,"_monsterinsights_sitenote_note":"","_monsterinsights_sitenote_category":0,"footnotes":""},"class_list":["post-462","page","type-page","status-publish","hentry"],"_links":{"self":[{"href":"https:\/\/calai.com.uy\/web\/index.php?rest_route=\/wp\/v2\/pages\/462","targetHints":{"allow":["GET"]}}],"collection":[{"href":"https:\/\/calai.com.uy\/web\/index.php?rest_route=\/wp\/v2\/pages"}],"about":[{"href":"https:\/\/calai.com.uy\/web\/index.php?rest_route=\/wp\/v2\/types\/page"}],"author":[{"embeddable":true,"href":"https:\/\/calai.com.uy\/web\/index.php?rest_route=\/wp\/v2\/users\/1"}],"replies":[{"embeddable":true,"href":"https:\/\/calai.com.uy\/web\/index.php?rest_route=%2Fwp%2Fv2%2Fcomments&post=462"}],"version-history":[{"count":20,"href":"https:\/\/calai.com.uy\/web\/index.php?rest_route=\/wp\/v2\/pages\/462\/revisions"}],"predecessor-version":[{"id":7874,"href":"https:\/\/calai.com.uy\/web\/index.php?rest_route=\/wp\/v2\/pages\/462\/revisions\/7874"}],"up":[{"embeddable":true,"href":"https:\/\/calai.com.uy\/web\/index.php?rest_route=\/wp\/v2\/pages\/147"}],"wp:attachment":[{"href":"https:\/\/calai.com.uy\/web\/index.php?rest_route=%2Fwp%2Fv2%2Fmedia&parent=462"}],"curies":[{"name":"wp","href":"https:\/\/api.w.org\/{rel}","templated":true}]}}