{"id":338,"date":"2011-06-27T17:12:27","date_gmt":"2011-06-27T17:12:27","guid":{"rendered":"https:\/\/calai.com.uy\/web\/?page_id=338"},"modified":"2023-03-28T21:18:27","modified_gmt":"2023-03-28T21:18:27","slug":"departamento-ganadero","status":"publish","type":"page","link":"https:\/\/calai.com.uy\/web\/?page_id=338","title":{"rendered":"Departamento Ganadero"},"content":{"rendered":"\n<h2 class=\"has-colibri-color-6-color has-text-color wp-block-heading\">Departamento Ganadero<\/h2>\n\n\n\n<figure class=\"wp-block-gallery aligncenter has-nested-images columns-4 is-cropped wp-block-gallery-1 is-layout-flex wp-block-gallery-is-layout-flex\">\n<figure class=\"wp-block-image size-full\"><a href=\"https:\/\/calai.com.uy\/web\/wp-content\/uploads\/2020\/11\/6-1.jpg\"><img fetchpriority=\"high\" decoding=\"async\" width=\"805\" height=\"505\" data-id=\"6038\" src=\"https:\/\/calai.com.uy\/web\/wp-content\/uploads\/2020\/11\/6-1.jpg\" alt=\"\" class=\"wp-image-6038\" srcset=\"https:\/\/calai.com.uy\/web\/wp-content\/uploads\/2020\/11\/6-1.jpg 805w, https:\/\/calai.com.uy\/web\/wp-content\/uploads\/2020\/11\/6-1-300x188.jpg 300w, https:\/\/calai.com.uy\/web\/wp-content\/uploads\/2020\/11\/6-1-768x482.jpg 768w\" sizes=\"(max-width: 805px) 100vw, 805px\" \/><\/a><\/figure>\n\n\n\n<figure class=\"wp-block-image size-full\"><a href=\"https:\/\/calai.com.uy\/web\/wp-content\/uploads\/2020\/11\/5-2.jpg\"><img decoding=\"async\" width=\"805\" height=\"505\" data-id=\"6037\" src=\"https:\/\/calai.com.uy\/web\/wp-content\/uploads\/2020\/11\/5-2.jpg\" alt=\"\" class=\"wp-image-6037\" srcset=\"https:\/\/calai.com.uy\/web\/wp-content\/uploads\/2020\/11\/5-2.jpg 805w, https:\/\/calai.com.uy\/web\/wp-content\/uploads\/2020\/11\/5-2-300x188.jpg 300w, https:\/\/calai.com.uy\/web\/wp-content\/uploads\/2020\/11\/5-2-768x482.jpg 768w\" sizes=\"(max-width: 805px) 100vw, 805px\" \/><\/a><\/figure>\n\n\n\n<figure class=\"wp-block-image size-full\"><a href=\"https:\/\/calai.com.uy\/web\/wp-content\/uploads\/2020\/11\/4-2.jpg\"><img decoding=\"async\" width=\"805\" height=\"505\" data-id=\"6036\" src=\"https:\/\/calai.com.uy\/web\/wp-content\/uploads\/2020\/11\/4-2.jpg\" alt=\"\" class=\"wp-image-6036\" srcset=\"https:\/\/calai.com.uy\/web\/wp-content\/uploads\/2020\/11\/4-2.jpg 805w, https:\/\/calai.com.uy\/web\/wp-content\/uploads\/2020\/11\/4-2-300x188.jpg 300w, https:\/\/calai.com.uy\/web\/wp-content\/uploads\/2020\/11\/4-2-768x482.jpg 768w\" sizes=\"(max-width: 805px) 100vw, 805px\" \/><\/a><\/figure>\n\n\n\n<figure class=\"wp-block-image size-full\"><a href=\"https:\/\/calai.com.uy\/web\/wp-content\/uploads\/2020\/11\/3-1.jpg\"><img loading=\"lazy\" decoding=\"async\" width=\"805\" height=\"505\" data-id=\"6035\" src=\"https:\/\/calai.com.uy\/web\/wp-content\/uploads\/2020\/11\/3-1.jpg\" alt=\"\" class=\"wp-image-6035\" srcset=\"https:\/\/calai.com.uy\/web\/wp-content\/uploads\/2020\/11\/3-1.jpg 805w, https:\/\/calai.com.uy\/web\/wp-content\/uploads\/2020\/11\/3-1-300x188.jpg 300w, https:\/\/calai.com.uy\/web\/wp-content\/uploads\/2020\/11\/3-1-768x482.jpg 768w\" sizes=\"(max-width: 805px) 100vw, 805px\" \/><\/a><\/figure>\n\n\n\n<figure class=\"wp-block-image size-full\"><a href=\"https:\/\/calai.com.uy\/web\/wp-content\/uploads\/2020\/11\/1-5.jpg\"><img loading=\"lazy\" decoding=\"async\" width=\"805\" height=\"505\" data-id=\"6034\" src=\"https:\/\/calai.com.uy\/web\/wp-content\/uploads\/2020\/11\/1-5.jpg\" alt=\"\" class=\"wp-image-6034\" srcset=\"https:\/\/calai.com.uy\/web\/wp-content\/uploads\/2020\/11\/1-5.jpg 805w, https:\/\/calai.com.uy\/web\/wp-content\/uploads\/2020\/11\/1-5-300x188.jpg 300w, https:\/\/calai.com.uy\/web\/wp-content\/uploads\/2020\/11\/1-5-768x482.jpg 768w\" sizes=\"(max-width: 805px) 100vw, 805px\" \/><\/a><\/figure>\n\n\n\n<figure class=\"wp-block-image size-full\"><a href=\"https:\/\/calai.com.uy\/web\/wp-content\/uploads\/2020\/11\/2-2.jpg\"><img loading=\"lazy\" decoding=\"async\" width=\"805\" height=\"505\" data-id=\"6033\" src=\"https:\/\/calai.com.uy\/web\/wp-content\/uploads\/2020\/11\/2-2.jpg\" alt=\"\" class=\"wp-image-6033\" srcset=\"https:\/\/calai.com.uy\/web\/wp-content\/uploads\/2020\/11\/2-2.jpg 805w, https:\/\/calai.com.uy\/web\/wp-content\/uploads\/2020\/11\/2-2-300x188.jpg 300w, https:\/\/calai.com.uy\/web\/wp-content\/uploads\/2020\/11\/2-2-768x482.jpg 768w\" sizes=\"(max-width: 805px) 100vw, 805px\" \/><\/a><\/figure>\n<\/figure>\n\n\n\n<p><\/p>\n\n\n\n<p class=\"has-text-align-left\">Buscando brindar un buen servicio a sus socios y que la escala no sea una limitante para realizarlos, CALAI desarrollo hace m\u00e1s de 20 a\u00f1os un Departamento Ganadero con el fin de satisfacer la demanda de los productores de la zona.<\/p>\n\n\n\n<p class=\"has-text-align-left\">Se busca brindar un servicio serio y responsable, d\u00e1ndoles a los productores diferentes&nbsp; alternativas de negocios as\u00ed como facilitarles las gestiones del proceso.<\/p>\n\n\n\n<p class=\"has-text-align-left\">Desde que CALAI instrument\u00f3 el Departamento Ganadero, la escala dej\u00f3 de ser una limitante para los productores familiares peque\u00f1os. Realizando embarques en conjunto entre los, han podido acceder a los mejores precios tanto en reposici\u00f3n como ventas a frigor\u00edfico.<\/p>\n\n\n\n<p class=\"has-text-align-left\">Este beneficio no ser\u00eda posible de manera individual<\/p>\n\n\n\n<p class=\"has-text-align-left\">Desde 1989 se ha generado estrecho v\u00ednculo comercial junto al Escritorio Carlos A. De Freitas e hijos, realiz\u00e1ndose negocios para el campo as\u00ed como para frigor\u00edfico. Lo cual es un respaldo importante para CALAI y sus socios.<\/p>\n","protected":false},"excerpt":{"rendered":"<p>Departamento Ganadero Buscando brindar un buen servicio a sus socios y que la escala no sea una limitante para realizarlos, CALAI desarrollo hace m\u00e1s de 20 a\u00f1os un Departamento Ganadero con el fin de satisfacer la demanda de los productores de la zona. Se busca brindar un servicio serio y responsable, d\u00e1ndoles a los productores [&hellip;]<\/p>\n","protected":false},"author":1,"featured_media":0,"parent":147,"menu_order":2,"comment_status":"closed","ping_status":"closed","template":"","meta":{"_monsterinsights_skip_tracking":false,"_monsterinsights_sitenote_active":false,"_monsterinsights_sitenote_note":"","_monsterinsights_sitenote_category":0,"footnotes":""},"class_list":["post-338","page","type-page","status-publish","hentry"],"_links":{"self":[{"href":"https:\/\/calai.com.uy\/web\/index.php?rest_route=\/wp\/v2\/pages\/338","targetHints":{"allow":["GET"]}}],"collection":[{"href":"https:\/\/calai.com.uy\/web\/index.php?rest_route=\/wp\/v2\/pages"}],"about":[{"href":"https:\/\/calai.com.uy\/web\/index.php?rest_route=\/wp\/v2\/types\/page"}],"author":[{"embeddable":true,"href":"https:\/\/calai.com.uy\/web\/index.php?rest_route=\/wp\/v2\/users\/1"}],"replies":[{"embeddable":true,"href":"https:\/\/calai.com.uy\/web\/index.php?rest_route=%2Fwp%2Fv2%2Fcomments&post=338"}],"version-history":[{"count":13,"href":"https:\/\/calai.com.uy\/web\/index.php?rest_route=\/wp\/v2\/pages\/338\/revisions"}],"predecessor-version":[{"id":7040,"href":"https:\/\/calai.com.uy\/web\/index.php?rest_route=\/wp\/v2\/pages\/338\/revisions\/7040"}],"up":[{"embeddable":true,"href":"https:\/\/calai.com.uy\/web\/index.php?rest_route=\/wp\/v2\/pages\/147"}],"wp:attachment":[{"href":"https:\/\/calai.com.uy\/web\/index.php?rest_route=%2Fwp%2Fv2%2Fmedia&parent=338"}],"curies":[{"name":"wp","href":"https:\/\/api.w.org\/{rel}","templated":true}]}}