{"id":311,"date":"2011-06-27T16:27:31","date_gmt":"2011-06-27T16:27:31","guid":{"rendered":"https:\/\/calai.com.uy\/web\/?page_id=311"},"modified":"2025-08-05T20:57:05","modified_gmt":"2025-08-05T20:57:05","slug":"autoridades","status":"publish","type":"page","link":"https:\/\/calai.com.uy\/web\/?page_id=311","title":{"rendered":"Autoridades"},"content":{"rendered":"\t\t<div data-elementor-type=\"wp-page\" data-elementor-id=\"311\" class=\"elementor elementor-311\">\n\t\t\t\t\t\t<section class=\"elementor-section elementor-top-section elementor-element elementor-element-bebbcd9 elementor-section-boxed elementor-section-height-default elementor-section-height-default\" data-id=\"bebbcd9\" data-element_type=\"section\" data-e-type=\"section\">\n\t\t\t\t\t\t<div class=\"elementor-container elementor-column-gap-default\">\n\t\t\t\t\t<div class=\"elementor-column elementor-col-100 elementor-top-column elementor-element elementor-element-60dbdae\" data-id=\"60dbdae\" data-element_type=\"column\" data-e-type=\"column\">\n\t\t\t<div class=\"elementor-widget-wrap elementor-element-populated\">\n\t\t\t\t\t\t<div class=\"elementor-element elementor-element-867a713 elementor-widget elementor-widget-spacer\" data-id=\"867a713\" data-element_type=\"widget\" data-e-type=\"widget\" data-widget_type=\"spacer.default\">\n\t\t\t\t<div class=\"elementor-widget-container\">\n\t\t\t\t\t\t\t<div class=\"elementor-spacer\">\n\t\t\t<div class=\"elementor-spacer-inner\"><\/div>\n\t\t<\/div>\n\t\t\t\t\t\t<\/div>\n\t\t\t\t<\/div>\n\t\t\t\t\t<\/div>\n\t\t<\/div>\n\t\t\t\t\t<\/div>\n\t\t<\/section>\n\t\t\t\t<section class=\"elementor-section elementor-top-section elementor-element elementor-element-035dec9 elementor-section-boxed elementor-section-height-default elementor-section-height-default\" data-id=\"035dec9\" data-element_type=\"section\" data-e-type=\"section\">\n\t\t\t\t\t\t<div class=\"elementor-container elementor-column-gap-default\">\n\t\t\t\t\t<div class=\"elementor-column elementor-col-100 elementor-top-column elementor-element elementor-element-2c17334\" data-id=\"2c17334\" data-element_type=\"column\" data-e-type=\"column\">\n\t\t\t<div class=\"elementor-widget-wrap elementor-element-populated\">\n\t\t\t\t\t\t<div class=\"elementor-element elementor-element-50de150 elementor-widget elementor-widget-heading\" data-id=\"50de150\" data-element_type=\"widget\" data-e-type=\"widget\" data-widget_type=\"heading.default\">\n\t\t\t\t<div class=\"elementor-widget-container\">\n\t\t\t\t\t<h2 class=\"elementor-heading-title elementor-size-default\">Autoridades de la Cooperativa<\/h2>\t\t\t\t<\/div>\n\t\t\t\t<\/div>\n\t\t\t\t<div class=\"elementor-element elementor-element-5e0772b elementor-widget elementor-widget-spacer\" data-id=\"5e0772b\" data-element_type=\"widget\" data-e-type=\"widget\" data-widget_type=\"spacer.default\">\n\t\t\t\t<div class=\"elementor-widget-container\">\n\t\t\t\t\t\t\t<div class=\"elementor-spacer\">\n\t\t\t<div class=\"elementor-spacer-inner\"><\/div>\n\t\t<\/div>\n\t\t\t\t\t\t<\/div>\n\t\t\t\t<\/div>\n\t\t\t\t\t<\/div>\n\t\t<\/div>\n\t\t\t\t\t<\/div>\n\t\t<\/section>\n\t\t\t\t<section class=\"elementor-section elementor-top-section elementor-element elementor-element-b3d2468 elementor-section-stretched elementor-section-boxed elementor-section-height-default elementor-section-height-default\" data-id=\"b3d2468\" data-element_type=\"section\" data-e-type=\"section\" data-settings=\"{&quot;stretch_section&quot;:&quot;section-stretched&quot;}\">\n\t\t\t\t\t\t<div class=\"elementor-container elementor-column-gap-narrow\">\n\t\t\t\t\t<div class=\"elementor-column elementor-col-33 elementor-top-column elementor-element elementor-element-61c461a\" data-id=\"61c461a\" data-element_type=\"column\" data-e-type=\"column\">\n\t\t\t<div class=\"elementor-widget-wrap elementor-element-populated\">\n\t\t\t\t\t\t<div class=\"elementor-element elementor-element-0cfea4e elementor-widget elementor-widget-text-editor\" data-id=\"0cfea4e\" data-element_type=\"widget\" data-e-type=\"widget\" data-widget_type=\"text-editor.default\">\n\t\t\t\t<div class=\"elementor-widget-container\">\n\t\t\t\t\t\t\t\t\t<p><span style=\"color: #008080;\"><strong>Consejo directivo<\/strong><\/span><\/p><p><strong>Presidente:<\/strong>\u00a0 \u00a0 \u00a0 \u00a0 \u00a0 \u00a0 Jos\u00e9 Bervejillo<br \/><strong>Vicepresidente:\u00a0 <\/strong>Sebasti\u00e1n Bianco<br \/><strong>Secretario:<\/strong>\u00a0 \u00a0 \u00a0 \u00a0 \u00a0 \u00a0 \u00a0Ernesto San Rom\u00e1n<br \/><strong>Vocal:<\/strong>\u00a0 \u00a0 \u00a0 \u00a0 \u00a0 \u00a0 \u00a0 \u00a0 \u00a0 \u00a0 \u00a0 \u00a0 Fabi\u00e1n Tabeira<br \/><strong>Vocal:<\/strong>\u00a0 \u00a0 \u00a0 \u00a0 \u00a0 \u00a0 \u00a0 \u00a0 \u00a0 \u00a0 \u00a0 \u00a0 Alejandro Cabrera<\/p><p><br \/><strong><span style=\"color: #008080;\">Suplentes:<\/span><\/strong><\/p><p>Alvaro Morales<br \/>Elbio Rivero<br \/>M\u00e1ximo Fern\u00e1ndez<br \/>Ignacio Cedr\u00e9s<br \/>Adri\u00e1n Gonz\u00e1lez<\/p><p>\u00a0<\/p>\t\t\t\t\t\t\t\t<\/div>\n\t\t\t\t<\/div>\n\t\t\t\t\t<\/div>\n\t\t<\/div>\n\t\t\t\t<div class=\"elementor-column elementor-col-33 elementor-top-column elementor-element elementor-element-747c7d0\" data-id=\"747c7d0\" data-element_type=\"column\" data-e-type=\"column\">\n\t\t\t<div class=\"elementor-widget-wrap elementor-element-populated\">\n\t\t\t\t\t\t<div class=\"elementor-element elementor-element-014b29d elementor-widget elementor-widget-text-editor\" data-id=\"014b29d\" data-element_type=\"widget\" data-e-type=\"widget\" data-widget_type=\"text-editor.default\">\n\t\t\t\t<div class=\"elementor-widget-container\">\n\t\t\t\t\t\t\t\t\t<p><span style=\"color: #008080;\"><strong>Comisi\u00f3n Fiscal<\/strong><\/span><\/p><p><span style=\"color: #008080;\"><strong>Titulares<\/strong><\/span><\/p><p>Gonzalo Rodr\u00edguez Mendaro<br \/>Luis Bianco Ricci<br \/>Mar\u00eda Magdalena S\u00e1nchez Abal<\/p><p><span style=\"color: #008080;\"><strong>Suplentes<\/strong><\/span><\/p><p>Mateo Cort\u00e9s<br \/>Claudia Pereira<br \/>Francisco Carriquiry<\/p>\t\t\t\t\t\t\t\t<\/div>\n\t\t\t\t<\/div>\n\t\t\t\t\t<\/div>\n\t\t<\/div>\n\t\t\t\t<div class=\"elementor-column elementor-col-33 elementor-top-column elementor-element elementor-element-062e80f\" data-id=\"062e80f\" data-element_type=\"column\" data-e-type=\"column\">\n\t\t\t<div class=\"elementor-widget-wrap elementor-element-populated\">\n\t\t\t\t\t\t<div class=\"elementor-element elementor-element-86918b0 elementor-widget elementor-widget-text-editor\" data-id=\"86918b0\" data-element_type=\"widget\" data-e-type=\"widget\" data-widget_type=\"text-editor.default\">\n\t\t\t\t<div class=\"elementor-widget-container\">\n\t\t\t\t\t\t\t\t\t<p><span style=\"color: #008080;\"><strong>Comisi\u00f3n Electoral<\/strong><\/span><\/p><p><strong><span style=\"color: #008080;\">Titulares<\/span><br \/><\/strong><br \/>Alicia M\u00e9ndez<br \/>Ariel Larrosa Montes de Oca<br \/>Gonzalo Gasco<\/p><p><span style=\"color: #008080;\"><strong>Suplentes<\/strong><\/span><\/p><p>Ra\u00fal Zabala Grajales<br \/>Leandro Guelvenzu<br \/>Santiago Scremini<\/p>\t\t\t\t\t\t\t\t<\/div>\n\t\t\t\t<\/div>\n\t\t\t\t\t<\/div>\n\t\t<\/div>\n\t\t\t\t\t<\/div>\n\t\t<\/section>\n\t\t\t\t<\/div>\n\t\t","protected":false},"excerpt":{"rendered":"<p>Autoridades de la Cooperativa Consejo directivoPresidente:\u00a0 \u00a0 \u00a0 \u00a0 \u00a0 \u00a0 Jos\u00e9 BervejilloVicepresidente:\u00a0 Sebasti\u00e1n BiancoSecretario:\u00a0 \u00a0 \u00a0 \u00a0 \u00a0 \u00a0 \u00a0Ernesto San Rom\u00e1nVocal:\u00a0 \u00a0 \u00a0 \u00a0 \u00a0 \u00a0 \u00a0 \u00a0 \u00a0 \u00a0 \u00a0 \u00a0 Fabi\u00e1n TabeiraVocal:\u00a0 \u00a0 \u00a0 \u00a0 \u00a0 \u00a0 \u00a0 \u00a0 \u00a0 \u00a0 \u00a0 \u00a0 Alejandro CabreraSuplentes:Alvaro MoralesElbio RiveroM\u00e1ximo Fern\u00e1ndezIgnacio Cedr\u00e9sAdri\u00e1n Gonz\u00e1lez\u00a0Comisi\u00f3n FiscalTitularesGonzalo [&hellip;]<\/p>\n","protected":false},"author":1,"featured_media":0,"parent":0,"menu_order":3,"comment_status":"closed","ping_status":"closed","template":"page-templates\/full-width-page.php","meta":{"_monsterinsights_skip_tracking":false,"_monsterinsights_sitenote_active":false,"_monsterinsights_sitenote_note":"","_monsterinsights_sitenote_category":0,"footnotes":""},"class_list":["post-311","page","type-page","status-publish","hentry"],"_links":{"self":[{"href":"https:\/\/calai.com.uy\/web\/index.php?rest_route=\/wp\/v2\/pages\/311","targetHints":{"allow":["GET"]}}],"collection":[{"href":"https:\/\/calai.com.uy\/web\/index.php?rest_route=\/wp\/v2\/pages"}],"about":[{"href":"https:\/\/calai.com.uy\/web\/index.php?rest_route=\/wp\/v2\/types\/page"}],"author":[{"embeddable":true,"href":"https:\/\/calai.com.uy\/web\/index.php?rest_route=\/wp\/v2\/users\/1"}],"replies":[{"embeddable":true,"href":"https:\/\/calai.com.uy\/web\/index.php?rest_route=%2Fwp%2Fv2%2Fcomments&post=311"}],"version-history":[{"count":20,"href":"https:\/\/calai.com.uy\/web\/index.php?rest_route=\/wp\/v2\/pages\/311\/revisions"}],"predecessor-version":[{"id":7836,"href":"https:\/\/calai.com.uy\/web\/index.php?rest_route=\/wp\/v2\/pages\/311\/revisions\/7836"}],"wp:attachment":[{"href":"https:\/\/calai.com.uy\/web\/index.php?rest_route=%2Fwp%2Fv2%2Fmedia&parent=311"}],"curies":[{"name":"wp","href":"https:\/\/api.w.org\/{rel}","templated":true}]}}