{"id":122,"date":"2010-11-29T21:51:41","date_gmt":"2010-11-29T21:51:41","guid":{"rendered":"http:\/\/clientes.coodi.com.uy\/calai\/?page_id=122"},"modified":"2025-08-05T20:58:03","modified_gmt":"2025-08-05T20:58:03","slug":"remision-de-lana","status":"publish","type":"page","link":"https:\/\/calai.com.uy\/web\/?page_id=122","title":{"rendered":"Remates"},"content":{"rendered":"\n<h2 class=\"wp-block-heading has-colibri-color-6-color has-text-color\">Remates<\/h2>\n\n\n\n<div class=\"wp-block-group\"><div class=\"wp-block-group__inner-container is-layout-flow wp-block-group-is-layout-flow\">\n<div class=\"wp-block-columns is-layout-flex wp-container-core-columns-is-layout-9d6595d7 wp-block-columns-is-layout-flex\">\n<div class=\"wp-block-column is-layout-flow wp-block-column-is-layout-flow\">\n<figure class=\"wp-block-image size-large\"><img fetchpriority=\"high\" decoding=\"async\" width=\"805\" height=\"505\" src=\"https:\/\/calai.com.uy\/web\/wp-content\/uploads\/2020\/11\/1-4.jpg\" alt=\"\" class=\"wp-image-5982\" srcset=\"https:\/\/calai.com.uy\/web\/wp-content\/uploads\/2020\/11\/1-4.jpg 805w, https:\/\/calai.com.uy\/web\/wp-content\/uploads\/2020\/11\/1-4-300x188.jpg 300w, https:\/\/calai.com.uy\/web\/wp-content\/uploads\/2020\/11\/1-4-768x482.jpg 768w\" sizes=\"(max-width: 805px) 100vw, 805px\" \/><\/figure>\n<\/div>\n\n\n\n<div class=\"wp-block-column is-layout-flow wp-block-column-is-layout-flow\">\n<figure class=\"wp-block-image size-large\"><img decoding=\"async\" width=\"805\" height=\"505\" src=\"https:\/\/calai.com.uy\/web\/wp-content\/uploads\/2020\/11\/2-1.jpg\" alt=\"\" class=\"wp-image-5983\" srcset=\"https:\/\/calai.com.uy\/web\/wp-content\/uploads\/2020\/11\/2-1.jpg 805w, https:\/\/calai.com.uy\/web\/wp-content\/uploads\/2020\/11\/2-1-300x188.jpg 300w, https:\/\/calai.com.uy\/web\/wp-content\/uploads\/2020\/11\/2-1-768x482.jpg 768w\" sizes=\"(max-width: 805px) 100vw, 805px\" \/><\/figure>\n<\/div>\n\n\n\n<div class=\"wp-block-column is-layout-flow wp-block-column-is-layout-flow\">\n<figure class=\"wp-block-image size-large\"><img decoding=\"async\" width=\"805\" height=\"503\" src=\"https:\/\/calai.com.uy\/web\/wp-content\/uploads\/2020\/11\/55-edited-1.jpg\" alt=\"\" class=\"wp-image-5987\" srcset=\"https:\/\/calai.com.uy\/web\/wp-content\/uploads\/2020\/11\/55-edited-1.jpg 805w, https:\/\/calai.com.uy\/web\/wp-content\/uploads\/2020\/11\/55-edited-1-300x187.jpg 300w, https:\/\/calai.com.uy\/web\/wp-content\/uploads\/2020\/11\/55-edited-1-768x480.jpg 768w\" sizes=\"(max-width: 805px) 100vw, 805px\" \/><\/figure>\n<\/div>\n<\/div>\n\n\n\n<p><\/p>\n<\/div><\/div>\n\n\n\n<h4 class=\"wp-block-heading\"><strong>Todos los a\u00f1os un buen precio<br>REMISION DE LANA A TRAV\u00c9S DE CENTRAL LANERA<\/strong> <strong>URUGUAYA<\/strong><\/h4>\n\n\n<div class=\"wp-block-image\">\n<figure class=\"alignleft size-large is-resized\"><img loading=\"lazy\" decoding=\"async\" width=\"805\" height=\"505\" src=\"https:\/\/calai.com.uy\/web\/wp-content\/uploads\/2020\/11\/33-edited-1.jpg\" alt=\"\" class=\"wp-image-5990\" style=\"width:530px;height:331px\" srcset=\"https:\/\/calai.com.uy\/web\/wp-content\/uploads\/2020\/11\/33-edited-1.jpg 805w, https:\/\/calai.com.uy\/web\/wp-content\/uploads\/2020\/11\/33-edited-1-300x188.jpg 300w, https:\/\/calai.com.uy\/web\/wp-content\/uploads\/2020\/11\/33-edited-1-768x482.jpg 768w\" sizes=\"(max-width: 805px) 100vw, 805px\" \/><\/figure>\n<\/div>\n\n<div align=\"justify\">\n<p style=\"text-align: left;\"><span style=\"color: #333333;\"><strong>Precio promedio<\/strong><\/span><\/p>\n<p style=\"text-align: left;\">Al productor se le paga un&nbsp;precio promedio, que se construye con las ventas al exterior realizadas en la zafra, seg\u00fan finura y calidad, disminuyendo el riesgo de errar el momento de venta, ya sea por variaciones del mercado as\u00ed como por necesidades financieras.<\/p>\n<p style=\"text-align: left;\"><span style=\"color: #333333;\"><strong>Pago por finura y calidad<\/strong><\/span><\/p>\n<p style=\"text-align: left;\">Cada lote de lana&nbsp;se clasifica por finura y calidad, pag\u00e1ndose en forma diferenciada los kg de cada categor\u00eda.<\/p>\n<p style=\"text-align: left;\"><span style=\"color: #333333;\"><strong>Seguridad<\/strong><\/span><\/p>\n<p style=\"text-align: left;\">Una&nbsp;empresa de productores&nbsp;con m\u00e1s de 45 a\u00f1os de experiencia, sumado a la contrataci\u00f3n de seguros que cubren el 100% del producto desde el galp\u00f3n de esquila hasta el puerto de destino.<\/p>\n<p style=\"text-align: left;\"><span style=\"color: #333333;\"><strong>Adelantos<\/strong><\/span><\/p>\n<p style=\"text-align: left;\">Una vez que se inscribe la lana el productor dispone de adelantos para satisfacer las necesidades financieras, en caso que el productor no retire el adelanto, se le paga un inter\u00e9s por el monto no retirado desde el momento de la inscripci\u00f3n.<\/p>\n<p><span style=\"color: #333333;\"><strong>Beneficios<\/strong><\/span><\/p>\n<p><strong>Estos beneficios y sobreprecios van construyendo el precio final que el productor logra al cierre de la zafra:<\/strong><\/p>\n<ul>\n<li style=\"text-align: left;\">Beneficio por inscripci\u00f3n temprana<\/li>\n<li>Beneficio por entrada temprana y esquila pre-parto.<\/li>\n<li>Beneficios por acondicionamiento<\/li>\n<li>Bolsas para la lana<\/li>\n<\/ul>\n<p><span style=\"color: #333333;\"><strong>Sorteo<\/strong><\/span><br \/>Importantes premios para lotes inscriptos temprano<\/p>\n<hr>\n<h3 style=\"text-align: center;\"><span style=\"color: #99cc00;\"><strong>Inscriba temprano su lote y adquiera los m\u00e1ximos beneficios<\/strong><\/span><\/h3>\n<hr>\n<h3 style=\"text-align: center;\">&nbsp;<\/h3>\n<\/div>\n\n\n<p><\/p>\n","protected":false},"excerpt":{"rendered":"<p>Remates Todos los a\u00f1os un buen precioREMISION DE LANA A TRAV\u00c9S DE CENTRAL LANERA URUGUAYA Precio promedio Al productor se le paga un&nbsp;precio promedio, que se construye con las ventas al exterior realizadas en la zafra, seg\u00fan finura y calidad, disminuyendo el riesgo de errar el momento de venta, ya sea por variaciones del mercado [&hellip;]<\/p>\n","protected":false},"author":1,"featured_media":0,"parent":147,"menu_order":5,"comment_status":"closed","ping_status":"closed","template":"","meta":{"_monsterinsights_skip_tracking":false,"_monsterinsights_sitenote_active":false,"_monsterinsights_sitenote_note":"","_monsterinsights_sitenote_category":0,"footnotes":""},"class_list":["post-122","page","type-page","status-publish","hentry"],"_links":{"self":[{"href":"https:\/\/calai.com.uy\/web\/index.php?rest_route=\/wp\/v2\/pages\/122","targetHints":{"allow":["GET"]}}],"collection":[{"href":"https:\/\/calai.com.uy\/web\/index.php?rest_route=\/wp\/v2\/pages"}],"about":[{"href":"https:\/\/calai.com.uy\/web\/index.php?rest_route=\/wp\/v2\/types\/page"}],"author":[{"embeddable":true,"href":"https:\/\/calai.com.uy\/web\/index.php?rest_route=\/wp\/v2\/users\/1"}],"replies":[{"embeddable":true,"href":"https:\/\/calai.com.uy\/web\/index.php?rest_route=%2Fwp%2Fv2%2Fcomments&post=122"}],"version-history":[{"count":31,"href":"https:\/\/calai.com.uy\/web\/index.php?rest_route=\/wp\/v2\/pages\/122\/revisions"}],"predecessor-version":[{"id":7837,"href":"https:\/\/calai.com.uy\/web\/index.php?rest_route=\/wp\/v2\/pages\/122\/revisions\/7837"}],"up":[{"embeddable":true,"href":"https:\/\/calai.com.uy\/web\/index.php?rest_route=\/wp\/v2\/pages\/147"}],"wp:attachment":[{"href":"https:\/\/calai.com.uy\/web\/index.php?rest_route=%2Fwp%2Fv2%2Fmedia&parent=122"}],"curies":[{"name":"wp","href":"https:\/\/api.w.org\/{rel}","templated":true}]}}